{"id":374441,"date":"2026-03-13T03:43:36","date_gmt":"2026-03-13T01:43:36","guid":{"rendered":"https:\/\/ventspils.citro.lv\/veikals\/etikis-dabigi-raudzets-kok-9-1l\/"},"modified":"2026-04-18T13:19:10","modified_gmt":"2026-04-18T10:19:10","slug":"etikis-dabigi-raudzets-kok-9-1l","status":"publish","type":"product","link":"https:\/\/ventspils.citro.lv\/ru\/veikals\/etikis-dabigi-raudzets-kok-9-1l\/","title":{"rendered":"Eti\u0137is dab\u012bgi raudz\u0113ts Kok 9% 1l"},"content":{"rendered":"","protected":false},"excerpt":{"rendered":"<p>1.19 \u20ac\/l<\/p>\n","protected":false},"featured_media":1225059,"template":"","meta":{"_acf_changed":false,"inline_featured_image":false},"product_cat":[116,187],"product_tag":[],"acf":[],"aioseo_notices":[],"_links":{"self":[{"href":"https:\/\/ventspils.citro.lv\/ru\/wp-json\/wp\/v2\/product\/374441"}],"collection":[{"href":"https:\/\/ventspils.citro.lv\/ru\/wp-json\/wp\/v2\/product"}],"about":[{"href":"https:\/\/ventspils.citro.lv\/ru\/wp-json\/wp\/v2\/types\/product"}],"wp:featuredmedia":[{"embeddable":true,"href":"https:\/\/ventspils.citro.lv\/ru\/wp-json\/wp\/v2\/media\/1225059"}],"wp:attachment":[{"href":"https:\/\/ventspils.citro.lv\/ru\/wp-json\/wp\/v2\/media?parent=374441"}],"wp:term":[{"taxonomy":"product_cat","embeddable":true,"href":"https:\/\/ventspils.citro.lv\/ru\/wp-json\/wp\/v2\/product_cat?post=374441"},{"taxonomy":"product_tag","embeddable":true,"href":"https:\/\/ventspils.citro.lv\/ru\/wp-json\/wp\/v2\/product_tag?post=374441"}],"curies":[{"name":"wp","href":"https:\/\/api.w.org\/{rel}","templated":true}]}}