{"id":374430,"date":"2026-04-12T01:03:03","date_gmt":"2026-04-11T22:03:03","guid":{"rendered":"https:\/\/ventspils.citro.lv\/veikals\/sokolades-batonins-manija-ar-lazdu-riekstiem-49g\/"},"modified":"2026-04-12T01:03:12","modified_gmt":"2026-04-11T22:03:12","slug":"sokolades-batonins-manija-ar-lazdu-riekstiem-49g","status":"publish","type":"product","link":"https:\/\/ventspils.citro.lv\/ru\/veikals\/sokolades-batonins-manija-ar-lazdu-riekstiem-49g\/","title":{"rendered":"\u0160okol\u0101des batoni\u0146\u0161 Manija ar lazdu riekstiem 49g"},"content":{"rendered":"","protected":false},"excerpt":{"rendered":"<p>12.04 \u20ac\/kg<\/p>\n","protected":false},"featured_media":1244715,"template":"","meta":{"_acf_changed":false,"inline_featured_image":false},"product_cat":[556,125],"product_tag":[],"acf":[],"aioseo_notices":[],"_links":{"self":[{"href":"https:\/\/ventspils.citro.lv\/ru\/wp-json\/wp\/v2\/product\/374430"}],"collection":[{"href":"https:\/\/ventspils.citro.lv\/ru\/wp-json\/wp\/v2\/product"}],"about":[{"href":"https:\/\/ventspils.citro.lv\/ru\/wp-json\/wp\/v2\/types\/product"}],"wp:featuredmedia":[{"embeddable":true,"href":"https:\/\/ventspils.citro.lv\/ru\/wp-json\/wp\/v2\/media\/1244715"}],"wp:attachment":[{"href":"https:\/\/ventspils.citro.lv\/ru\/wp-json\/wp\/v2\/media?parent=374430"}],"wp:term":[{"taxonomy":"product_cat","embeddable":true,"href":"https:\/\/ventspils.citro.lv\/ru\/wp-json\/wp\/v2\/product_cat?post=374430"},{"taxonomy":"product_tag","embeddable":true,"href":"https:\/\/ventspils.citro.lv\/ru\/wp-json\/wp\/v2\/product_tag?post=374430"}],"curies":[{"name":"wp","href":"https:\/\/api.w.org\/{rel}","templated":true}]}}