{"id":374407,"date":"2026-04-24T06:00:23","date_gmt":"2026-04-24T03:00:23","guid":{"rendered":"https:\/\/ventspils.citro.lv\/veikals\/teja-mozums-kumelite-ar-medu-20g\/"},"modified":"2026-04-24T06:00:28","modified_gmt":"2026-04-24T03:00:28","slug":"teja-mozums-kumelite-ar-medu-20g","status":"publish","type":"product","link":"https:\/\/ventspils.citro.lv\/ru\/veikals\/teja-mozums-kumelite-ar-medu-20g\/","title":{"rendered":"T\u0113ja Mo\u017eums Kumel\u012bte ar medu 20g"},"content":{"rendered":"","protected":false},"excerpt":{"rendered":"<p>39.50 \u20ac\/kg<\/p>\n","protected":false},"featured_media":1251902,"template":"","meta":{"_acf_changed":false,"inline_featured_image":false},"product_cat":[142,143],"product_tag":[],"acf":[],"aioseo_notices":[],"_links":{"self":[{"href":"https:\/\/ventspils.citro.lv\/ru\/wp-json\/wp\/v2\/product\/374407"}],"collection":[{"href":"https:\/\/ventspils.citro.lv\/ru\/wp-json\/wp\/v2\/product"}],"about":[{"href":"https:\/\/ventspils.citro.lv\/ru\/wp-json\/wp\/v2\/types\/product"}],"wp:featuredmedia":[{"embeddable":true,"href":"https:\/\/ventspils.citro.lv\/ru\/wp-json\/wp\/v2\/media\/1251902"}],"wp:attachment":[{"href":"https:\/\/ventspils.citro.lv\/ru\/wp-json\/wp\/v2\/media?parent=374407"}],"wp:term":[{"taxonomy":"product_cat","embeddable":true,"href":"https:\/\/ventspils.citro.lv\/ru\/wp-json\/wp\/v2\/product_cat?post=374407"},{"taxonomy":"product_tag","embeddable":true,"href":"https:\/\/ventspils.citro.lv\/ru\/wp-json\/wp\/v2\/product_tag?post=374407"}],"curies":[{"name":"wp","href":"https:\/\/api.w.org\/{rel}","templated":true}]}}