{"id":374363,"date":"2026-03-03T02:15:37","date_gmt":"2026-03-03T00:15:37","guid":{"rendered":"https:\/\/ventspils.citro.lv\/veikals\/bariba-putniem-zilite-400g\/"},"modified":"2026-03-03T02:15:41","modified_gmt":"2026-03-03T00:15:41","slug":"bariba-putniem-zilite-400g","status":"publish","type":"product","link":"https:\/\/ventspils.citro.lv\/ru\/veikals\/bariba-putniem-zilite-400g\/","title":{"rendered":"Bar\u012bba putniem Z\u012bl\u012bte 400g"},"content":{"rendered":"","protected":false},"excerpt":{"rendered":"<p>3.48 \u20ac\/kg<\/p>\n","protected":false},"featured_media":1220254,"template":"","meta":{"_acf_changed":false,"inline_featured_image":false},"product_cat":[230,153],"product_tag":[],"acf":[],"aioseo_notices":[],"_links":{"self":[{"href":"https:\/\/ventspils.citro.lv\/ru\/wp-json\/wp\/v2\/product\/374363"}],"collection":[{"href":"https:\/\/ventspils.citro.lv\/ru\/wp-json\/wp\/v2\/product"}],"about":[{"href":"https:\/\/ventspils.citro.lv\/ru\/wp-json\/wp\/v2\/types\/product"}],"wp:featuredmedia":[{"embeddable":true,"href":"https:\/\/ventspils.citro.lv\/ru\/wp-json\/wp\/v2\/media\/1220254"}],"wp:attachment":[{"href":"https:\/\/ventspils.citro.lv\/ru\/wp-json\/wp\/v2\/media?parent=374363"}],"wp:term":[{"taxonomy":"product_cat","embeddable":true,"href":"https:\/\/ventspils.citro.lv\/ru\/wp-json\/wp\/v2\/product_cat?post=374363"},{"taxonomy":"product_tag","embeddable":true,"href":"https:\/\/ventspils.citro.lv\/ru\/wp-json\/wp\/v2\/product_tag?post=374363"}],"curies":[{"name":"wp","href":"https:\/\/api.w.org\/{rel}","templated":true}]}}