{"id":374333,"date":"2026-03-13T02:54:37","date_gmt":"2026-03-13T00:54:37","guid":{"rendered":"https:\/\/ventspils.citro.lv\/veikals\/ella-rapsu-pernes-1l-rafineta\/"},"modified":"2026-03-13T02:54:42","modified_gmt":"2026-03-13T00:54:42","slug":"ella-rapsu-pernes-1l-rafineta","status":"publish","type":"product","link":"https:\/\/ventspils.citro.lv\/ru\/veikals\/ella-rapsu-pernes-1l-rafineta\/","title":{"rendered":"E\u013c\u013ca rap\u0161u P\u0113rnes 1l rafin\u0113ta"},"content":{"rendered":"","protected":false},"excerpt":{"rendered":"<p>3.65 \u20ac\/l<\/p>\n","protected":false},"featured_media":1224863,"template":"","meta":{"_acf_changed":false,"inline_featured_image":false},"product_cat":[116,164],"product_tag":[],"acf":[],"aioseo_notices":[],"_links":{"self":[{"href":"https:\/\/ventspils.citro.lv\/ru\/wp-json\/wp\/v2\/product\/374333"}],"collection":[{"href":"https:\/\/ventspils.citro.lv\/ru\/wp-json\/wp\/v2\/product"}],"about":[{"href":"https:\/\/ventspils.citro.lv\/ru\/wp-json\/wp\/v2\/types\/product"}],"wp:featuredmedia":[{"embeddable":true,"href":"https:\/\/ventspils.citro.lv\/ru\/wp-json\/wp\/v2\/media\/1224863"}],"wp:attachment":[{"href":"https:\/\/ventspils.citro.lv\/ru\/wp-json\/wp\/v2\/media?parent=374333"}],"wp:term":[{"taxonomy":"product_cat","embeddable":true,"href":"https:\/\/ventspils.citro.lv\/ru\/wp-json\/wp\/v2\/product_cat?post=374333"},{"taxonomy":"product_tag","embeddable":true,"href":"https:\/\/ventspils.citro.lv\/ru\/wp-json\/wp\/v2\/product_tag?post=374333"}],"curies":[{"name":"wp","href":"https:\/\/api.w.org\/{rel}","templated":true}]}}