{"id":374310,"date":"2026-03-27T04:30:03","date_gmt":"2026-03-27T02:30:03","guid":{"rendered":"https:\/\/ventspils.citro.lv\/veikals\/teja-mozums-kinas-zala-berama-100g\/"},"modified":"2026-03-27T04:30:08","modified_gmt":"2026-03-27T02:30:08","slug":"teja-mozums-kinas-zala-berama-100g","status":"publish","type":"product","link":"https:\/\/ventspils.citro.lv\/ru\/veikals\/teja-mozums-kinas-zala-berama-100g\/","title":{"rendered":"T\u0113ja Mo\u017eums \u0136\u012bnas za\u013c\u0101 beram\u0101 100g"},"content":{"rendered":"","protected":false},"excerpt":{"rendered":"<p>15.90 \u20ac\/kg<\/p>\n","protected":false},"featured_media":1235167,"template":"","meta":{"_acf_changed":false,"inline_featured_image":false},"product_cat":[142,143],"product_tag":[],"acf":[],"aioseo_notices":[],"_links":{"self":[{"href":"https:\/\/ventspils.citro.lv\/ru\/wp-json\/wp\/v2\/product\/374310"}],"collection":[{"href":"https:\/\/ventspils.citro.lv\/ru\/wp-json\/wp\/v2\/product"}],"about":[{"href":"https:\/\/ventspils.citro.lv\/ru\/wp-json\/wp\/v2\/types\/product"}],"wp:featuredmedia":[{"embeddable":true,"href":"https:\/\/ventspils.citro.lv\/ru\/wp-json\/wp\/v2\/media\/1235167"}],"wp:attachment":[{"href":"https:\/\/ventspils.citro.lv\/ru\/wp-json\/wp\/v2\/media?parent=374310"}],"wp:term":[{"taxonomy":"product_cat","embeddable":true,"href":"https:\/\/ventspils.citro.lv\/ru\/wp-json\/wp\/v2\/product_cat?post=374310"},{"taxonomy":"product_tag","embeddable":true,"href":"https:\/\/ventspils.citro.lv\/ru\/wp-json\/wp\/v2\/product_tag?post=374310"}],"curies":[{"name":"wp","href":"https:\/\/api.w.org\/{rel}","templated":true}]}}