{"id":374288,"date":"2026-05-12T03:16:00","date_gmt":"2026-05-12T00:16:00","guid":{"rendered":"https:\/\/ventspils.citro.lv\/veikals\/ledene-chupa-chups-surpprice-12g\/"},"modified":"2026-05-12T03:16:04","modified_gmt":"2026-05-12T00:16:04","slug":"ledene-chupa-chups-surpprice-12g","status":"publish","type":"product","link":"https:\/\/ventspils.citro.lv\/ru\/veikals\/ledene-chupa-chups-surpprice-12g\/","title":{"rendered":"Ledene Chupa Chups Surpprice 12g"},"content":{"rendered":"<p>Cukurs, s\u012brups,koncentr\u0113ts aug\u013cu biezenis (\u0101bols, \u0137irsis, avene, anan\u0101ss, laims, citrons,zemene, persiks, ban\u0101ns, apels\u012bns, mellene, kazene, mango, arb\u016bzs, kivi) (3%),PIENSK\u0100BE, \u0101bolsk\u0101be, citronsk\u0101be, dab\u012bgam identisks arom\u0101tiz\u0113t\u0101js, dabisk\u0101s kr\u0101svielas &#8212; bie\u0161u sarkanais.<\/p>\n","protected":false},"excerpt":{"rendered":"<p>124.17 \u20ac\/kg<\/p>\n","protected":false},"featured_media":1258518,"template":"","meta":{"_acf_changed":false,"inline_featured_image":false},"product_cat":[533,125],"product_tag":[],"acf":[],"aioseo_notices":[],"_links":{"self":[{"href":"https:\/\/ventspils.citro.lv\/ru\/wp-json\/wp\/v2\/product\/374288"}],"collection":[{"href":"https:\/\/ventspils.citro.lv\/ru\/wp-json\/wp\/v2\/product"}],"about":[{"href":"https:\/\/ventspils.citro.lv\/ru\/wp-json\/wp\/v2\/types\/product"}],"wp:featuredmedia":[{"embeddable":true,"href":"https:\/\/ventspils.citro.lv\/ru\/wp-json\/wp\/v2\/media\/1258518"}],"wp:attachment":[{"href":"https:\/\/ventspils.citro.lv\/ru\/wp-json\/wp\/v2\/media?parent=374288"}],"wp:term":[{"taxonomy":"product_cat","embeddable":true,"href":"https:\/\/ventspils.citro.lv\/ru\/wp-json\/wp\/v2\/product_cat?post=374288"},{"taxonomy":"product_tag","embeddable":true,"href":"https:\/\/ventspils.citro.lv\/ru\/wp-json\/wp\/v2\/product_tag?post=374288"}],"curies":[{"name":"wp","href":"https:\/\/api.w.org\/{rel}","templated":true}]}}