{"id":374287,"date":"2026-03-27T04:00:03","date_gmt":"2026-03-27T02:00:03","guid":{"rendered":"https:\/\/ventspils.citro.lv\/veikals\/teja-mozums-meza-zemenu-20gb-34g\/"},"modified":"2026-03-27T04:00:08","modified_gmt":"2026-03-27T02:00:08","slug":"teja-mozums-meza-zemenu-20gb-34g","status":"publish","type":"product","link":"https:\/\/ventspils.citro.lv\/ru\/veikals\/teja-mozums-meza-zemenu-20gb-34g\/","title":{"rendered":"T\u0113ja Mo\u017eums me\u017ea zeme\u0146u 20gb 34g"},"content":{"rendered":"","protected":false},"excerpt":{"rendered":"<p>35.00 \u20ac\/kg<\/p>\n","protected":false},"featured_media":1235048,"template":"","meta":{"_acf_changed":false,"inline_featured_image":false},"product_cat":[142,143],"product_tag":[],"acf":[],"aioseo_notices":[],"_links":{"self":[{"href":"https:\/\/ventspils.citro.lv\/ru\/wp-json\/wp\/v2\/product\/374287"}],"collection":[{"href":"https:\/\/ventspils.citro.lv\/ru\/wp-json\/wp\/v2\/product"}],"about":[{"href":"https:\/\/ventspils.citro.lv\/ru\/wp-json\/wp\/v2\/types\/product"}],"wp:featuredmedia":[{"embeddable":true,"href":"https:\/\/ventspils.citro.lv\/ru\/wp-json\/wp\/v2\/media\/1235048"}],"wp:attachment":[{"href":"https:\/\/ventspils.citro.lv\/ru\/wp-json\/wp\/v2\/media?parent=374287"}],"wp:term":[{"taxonomy":"product_cat","embeddable":true,"href":"https:\/\/ventspils.citro.lv\/ru\/wp-json\/wp\/v2\/product_cat?post=374287"},{"taxonomy":"product_tag","embeddable":true,"href":"https:\/\/ventspils.citro.lv\/ru\/wp-json\/wp\/v2\/product_tag?post=374287"}],"curies":[{"name":"wp","href":"https:\/\/api.w.org\/{rel}","templated":true}]}}