{"id":373898,"date":"2026-04-14T03:51:03","date_gmt":"2026-04-14T00:51:03","guid":{"rendered":"https:\/\/ventspils.citro.lv\/veikals\/rausisi-ar-sieru-citro-300g\/"},"modified":"2026-04-14T03:51:14","modified_gmt":"2026-04-14T00:51:14","slug":"rausisi-ar-sieru-citro-300g","status":"publish","type":"product","link":"https:\/\/ventspils.citro.lv\/ru\/veikals\/rausisi-ar-sieru-citro-300g\/","title":{"rendered":"Raus\u012b\u0161i ar sieru Citro 300g"},"content":{"rendered":"<p>Sast\u0101vda\u013cas: KVIE\u0160U milti, siera produkts (pasteriz\u0113ts PIENS, augu tauki (palmu)24%, p\u0101rtikas s\u0101ls, konservants E252, siera ieraugs, renins, p\u0101rtikas kr\u0101sviela-beta karot\u012bns), \u016bdens, margar\u012bns (augu tauki (palmu, kokosa), \u016bdens, rap\u0161u e\u013c\u013ca, emulgators E471, sk\u0101buma regul\u0113t\u0101js E330, dab\u012bgs aromatiz\u0113t\u0101js, p\u0101rtikas kr\u0101sviela E160a), cukurs, OLAS, raugs, s\u0101ls. 100g produkta satur:  ener\u0123\u0113tisk\u0101 v\u0113rt\u012bba 1525KJ\/365kcal, tauki 19,5g, tostarp pies\u0101tin\u0101t\u0101s tauksk\u0101bes 9g, og\u013chidr\u0101ti 28,5g, tostarp cukurs 1,6g, \u0161\u0137iedrvielas 3,2g, olbaltumvielas 17g, s\u0101ls 2,2g. Izlietot l\u012bdz: skat\u012bt uz iepakojuma. Uzglab\u0101\u0161anas apst\u0101k\u013ci: istabas temperat\u016bra. Ra\u017eot\u0101js: SIA Di\u0101na-Bistro,Andreja iela -5,Ventspils.<\/p>\n","protected":false},"excerpt":{"rendered":"<p>9.30 \u20ac\/kg<\/p>\n","protected":false},"featured_media":1245578,"template":"","meta":{"_acf_changed":false,"inline_featured_image":false},"product_cat":[109,110],"product_tag":[],"acf":[],"aioseo_notices":[],"_links":{"self":[{"href":"https:\/\/ventspils.citro.lv\/ru\/wp-json\/wp\/v2\/product\/373898"}],"collection":[{"href":"https:\/\/ventspils.citro.lv\/ru\/wp-json\/wp\/v2\/product"}],"about":[{"href":"https:\/\/ventspils.citro.lv\/ru\/wp-json\/wp\/v2\/types\/product"}],"wp:featuredmedia":[{"embeddable":true,"href":"https:\/\/ventspils.citro.lv\/ru\/wp-json\/wp\/v2\/media\/1245578"}],"wp:attachment":[{"href":"https:\/\/ventspils.citro.lv\/ru\/wp-json\/wp\/v2\/media?parent=373898"}],"wp:term":[{"taxonomy":"product_cat","embeddable":true,"href":"https:\/\/ventspils.citro.lv\/ru\/wp-json\/wp\/v2\/product_cat?post=373898"},{"taxonomy":"product_tag","embeddable":true,"href":"https:\/\/ventspils.citro.lv\/ru\/wp-json\/wp\/v2\/product_tag?post=373898"}],"curies":[{"name":"wp","href":"https:\/\/api.w.org\/{rel}","templated":true}]}}