{"id":373896,"date":"2025-03-12T07:15:44","date_gmt":"2025-03-12T05:15:44","guid":{"rendered":"https:\/\/ventspils.citro.lv\/veikals\/nagu-lakas-non-smiltserksku-ellas-ekstr-115ml\/"},"modified":"2026-04-23T16:11:22","modified_gmt":"2026-04-23T13:11:22","slug":"nagu-lakas-non-smiltserksku-ellas-ekstr-115ml","status":"publish","type":"product","link":"https:\/\/ventspils.citro.lv\/ru\/veikals\/nagu-lakas-non-smiltserksku-ellas-ekstr-115ml\/","title":{"rendered":"Nagu lakas no\u0146\/smilts\u0113rk\u0161\u0137u e\u013c\u013cas ekstr.115ml"},"content":{"rendered":"","protected":false},"excerpt":{"rendered":"<p>12.09 \u20ac\/l<\/p>\n","protected":false},"featured_media":1009718,"template":"","meta":{"_acf_changed":false,"inline_featured_image":false},"product_cat":[127,129],"product_tag":[],"acf":[],"aioseo_notices":[],"_links":{"self":[{"href":"https:\/\/ventspils.citro.lv\/ru\/wp-json\/wp\/v2\/product\/373896"}],"collection":[{"href":"https:\/\/ventspils.citro.lv\/ru\/wp-json\/wp\/v2\/product"}],"about":[{"href":"https:\/\/ventspils.citro.lv\/ru\/wp-json\/wp\/v2\/types\/product"}],"wp:featuredmedia":[{"embeddable":true,"href":"https:\/\/ventspils.citro.lv\/ru\/wp-json\/wp\/v2\/media\/1009718"}],"wp:attachment":[{"href":"https:\/\/ventspils.citro.lv\/ru\/wp-json\/wp\/v2\/media?parent=373896"}],"wp:term":[{"taxonomy":"product_cat","embeddable":true,"href":"https:\/\/ventspils.citro.lv\/ru\/wp-json\/wp\/v2\/product_cat?post=373896"},{"taxonomy":"product_tag","embeddable":true,"href":"https:\/\/ventspils.citro.lv\/ru\/wp-json\/wp\/v2\/product_tag?post=373896"}],"curies":[{"name":"wp","href":"https:\/\/api.w.org\/{rel}","templated":true}]}}