{"id":366840,"date":"2026-03-28T02:21:26","date_gmt":"2026-03-28T00:21:26","guid":{"rendered":"https:\/\/ventspils.citro.lv\/veikals\/trauku-mazgasanas-lidzeklis-mayeri-sensitive-500ml\/"},"modified":"2026-03-28T02:21:32","modified_gmt":"2026-03-28T00:21:32","slug":"trauku-mazgasanas-lidzeklis-mayeri-sensitive-500ml","status":"publish","type":"product","link":"https:\/\/ventspils.citro.lv\/ru\/veikals\/trauku-mazgasanas-lidzeklis-mayeri-sensitive-500ml\/","title":{"rendered":"Trauku mazg\u0101\u0161anas l\u012bdzeklis Mayeri Sensitive 500ml"},"content":{"rendered":"","protected":false},"excerpt":{"rendered":"<p>3.18 \u20ac\/l<\/p>\n","protected":false},"featured_media":1237434,"template":"","meta":{"_acf_changed":false,"inline_featured_image":false},"product_cat":[131,169],"product_tag":[],"acf":[],"aioseo_notices":[],"_links":{"self":[{"href":"https:\/\/ventspils.citro.lv\/ru\/wp-json\/wp\/v2\/product\/366840"}],"collection":[{"href":"https:\/\/ventspils.citro.lv\/ru\/wp-json\/wp\/v2\/product"}],"about":[{"href":"https:\/\/ventspils.citro.lv\/ru\/wp-json\/wp\/v2\/types\/product"}],"wp:featuredmedia":[{"embeddable":true,"href":"https:\/\/ventspils.citro.lv\/ru\/wp-json\/wp\/v2\/media\/1237434"}],"wp:attachment":[{"href":"https:\/\/ventspils.citro.lv\/ru\/wp-json\/wp\/v2\/media?parent=366840"}],"wp:term":[{"taxonomy":"product_cat","embeddable":true,"href":"https:\/\/ventspils.citro.lv\/ru\/wp-json\/wp\/v2\/product_cat?post=366840"},{"taxonomy":"product_tag","embeddable":true,"href":"https:\/\/ventspils.citro.lv\/ru\/wp-json\/wp\/v2\/product_tag?post=366840"}],"curies":[{"name":"wp","href":"https:\/\/api.w.org\/{rel}","templated":true}]}}