{"id":366835,"date":"2026-02-03T02:48:37","date_gmt":"2026-02-03T00:48:37","guid":{"rendered":"https:\/\/ventspils.citro.lv\/veikals\/makreles-gabalini-apcepti-zeleja-300g-110g\/"},"modified":"2026-02-03T02:48:48","modified_gmt":"2026-02-03T00:48:48","slug":"makreles-gabalini-apcepti-zeleja-300g-110g","status":"publish","type":"product","link":"https:\/\/ventspils.citro.lv\/ru\/veikals\/makreles-gabalini-apcepti-zeleja-300g-110g\/","title":{"rendered":"Makreles gabali\u0146i apcepti \u017eelej\u0101 300g\/110g"},"content":{"rendered":"","protected":false},"excerpt":{"rendered":"<p>41.73 \u20ac\/kg<\/p>\n","protected":false},"featured_media":1204699,"template":"","meta":{"_acf_changed":false,"inline_featured_image":false},"product_cat":[545,135],"product_tag":[],"acf":[],"aioseo_notices":[],"_links":{"self":[{"href":"https:\/\/ventspils.citro.lv\/ru\/wp-json\/wp\/v2\/product\/366835"}],"collection":[{"href":"https:\/\/ventspils.citro.lv\/ru\/wp-json\/wp\/v2\/product"}],"about":[{"href":"https:\/\/ventspils.citro.lv\/ru\/wp-json\/wp\/v2\/types\/product"}],"wp:featuredmedia":[{"embeddable":true,"href":"https:\/\/ventspils.citro.lv\/ru\/wp-json\/wp\/v2\/media\/1204699"}],"wp:attachment":[{"href":"https:\/\/ventspils.citro.lv\/ru\/wp-json\/wp\/v2\/media?parent=366835"}],"wp:term":[{"taxonomy":"product_cat","embeddable":true,"href":"https:\/\/ventspils.citro.lv\/ru\/wp-json\/wp\/v2\/product_cat?post=366835"},{"taxonomy":"product_tag","embeddable":true,"href":"https:\/\/ventspils.citro.lv\/ru\/wp-json\/wp\/v2\/product_tag?post=366835"}],"curies":[{"name":"wp","href":"https:\/\/api.w.org\/{rel}","templated":true}]}}