{"id":366792,"date":"2026-03-27T09:18:51","date_gmt":"2026-03-27T07:18:51","guid":{"rendered":"https:\/\/ventspils.citro.lv\/veikals\/cipsi-adazu-dillu-130g\/"},"modified":"2026-03-27T09:18:56","modified_gmt":"2026-03-27T07:18:56","slug":"cipsi-adazu-dillu-130g","status":"publish","type":"product","link":"https:\/\/ventspils.citro.lv\/ru\/veikals\/cipsi-adazu-dillu-130g\/","title":{"rendered":"\u010cipsi \u0100da\u017eu di\u013c\u013cu 130g"},"content":{"rendered":"","protected":false},"excerpt":{"rendered":"<p>11.27 \u20ac\/kg<\/p>\n","protected":false},"featured_media":1236287,"template":"","meta":{"_acf_changed":false,"inline_featured_image":false},"product_cat":[125,191],"product_tag":[],"acf":[],"aioseo_notices":[],"_links":{"self":[{"href":"https:\/\/ventspils.citro.lv\/ru\/wp-json\/wp\/v2\/product\/366792"}],"collection":[{"href":"https:\/\/ventspils.citro.lv\/ru\/wp-json\/wp\/v2\/product"}],"about":[{"href":"https:\/\/ventspils.citro.lv\/ru\/wp-json\/wp\/v2\/types\/product"}],"wp:featuredmedia":[{"embeddable":true,"href":"https:\/\/ventspils.citro.lv\/ru\/wp-json\/wp\/v2\/media\/1236287"}],"wp:attachment":[{"href":"https:\/\/ventspils.citro.lv\/ru\/wp-json\/wp\/v2\/media?parent=366792"}],"wp:term":[{"taxonomy":"product_cat","embeddable":true,"href":"https:\/\/ventspils.citro.lv\/ru\/wp-json\/wp\/v2\/product_cat?post=366792"},{"taxonomy":"product_tag","embeddable":true,"href":"https:\/\/ventspils.citro.lv\/ru\/wp-json\/wp\/v2\/product_tag?post=366792"}],"curies":[{"name":"wp","href":"https:\/\/api.w.org\/{rel}","templated":true}]}}