{"id":366791,"date":"2026-05-08T03:30:24","date_gmt":"2026-05-08T00:30:24","guid":{"rendered":"https:\/\/ventspils.citro.lv\/veikals\/cipsi-adazu-krejumasipolu-130g\/"},"modified":"2026-05-08T03:30:29","modified_gmt":"2026-05-08T00:30:29","slug":"cipsi-adazu-krejumasipolu-130g","status":"publish","type":"product","link":"https:\/\/ventspils.citro.lv\/ru\/veikals\/cipsi-adazu-krejumasipolu-130g\/","title":{"rendered":"\u010cipsi \u0100da\u017eu kr\u0113juma,s\u012bpolu 130g"},"content":{"rendered":"","protected":false},"excerpt":{"rendered":"<p>14.93 \u20ac\/kg<\/p>\n","protected":false},"featured_media":1257759,"template":"","meta":{"_acf_changed":false,"inline_featured_image":false},"product_cat":[125,191],"product_tag":[],"acf":[],"aioseo_notices":[],"_links":{"self":[{"href":"https:\/\/ventspils.citro.lv\/ru\/wp-json\/wp\/v2\/product\/366791"}],"collection":[{"href":"https:\/\/ventspils.citro.lv\/ru\/wp-json\/wp\/v2\/product"}],"about":[{"href":"https:\/\/ventspils.citro.lv\/ru\/wp-json\/wp\/v2\/types\/product"}],"wp:featuredmedia":[{"embeddable":true,"href":"https:\/\/ventspils.citro.lv\/ru\/wp-json\/wp\/v2\/media\/1257759"}],"wp:attachment":[{"href":"https:\/\/ventspils.citro.lv\/ru\/wp-json\/wp\/v2\/media?parent=366791"}],"wp:term":[{"taxonomy":"product_cat","embeddable":true,"href":"https:\/\/ventspils.citro.lv\/ru\/wp-json\/wp\/v2\/product_cat?post=366791"},{"taxonomy":"product_tag","embeddable":true,"href":"https:\/\/ventspils.citro.lv\/ru\/wp-json\/wp\/v2\/product_tag?post=366791"}],"curies":[{"name":"wp","href":"https:\/\/api.w.org\/{rel}","templated":true}]}}