{"id":366661,"date":"2026-03-19T02:12:37","date_gmt":"2026-03-19T00:12:37","guid":{"rendered":"https:\/\/ventspils.citro.lv\/veikals\/zupa-sausa-vegeta-vistas-ar-nudelem-un-darzeniem-45g\/"},"modified":"2026-03-19T02:12:42","modified_gmt":"2026-03-19T00:12:42","slug":"zupa-sausa-vegeta-vistas-ar-nudelem-un-darzeniem-45g","status":"publish","type":"product","link":"https:\/\/ventspils.citro.lv\/ru\/veikals\/zupa-sausa-vegeta-vistas-ar-nudelem-un-darzeniem-45g\/","title":{"rendered":"Zupa saus\u0101 Vegeta vistas ar n\u016bdel\u0113m un d\u0101rze\u0146iem 45g"},"content":{"rendered":"","protected":false},"excerpt":{"rendered":"<p>21.11 \u20ac\/kg<\/p>\n","protected":false},"featured_media":1229088,"template":"","meta":{"_acf_changed":false,"inline_featured_image":false},"product_cat":[111,138],"product_tag":[],"acf":[],"aioseo_notices":[],"_links":{"self":[{"href":"https:\/\/ventspils.citro.lv\/ru\/wp-json\/wp\/v2\/product\/366661"}],"collection":[{"href":"https:\/\/ventspils.citro.lv\/ru\/wp-json\/wp\/v2\/product"}],"about":[{"href":"https:\/\/ventspils.citro.lv\/ru\/wp-json\/wp\/v2\/types\/product"}],"wp:featuredmedia":[{"embeddable":true,"href":"https:\/\/ventspils.citro.lv\/ru\/wp-json\/wp\/v2\/media\/1229088"}],"wp:attachment":[{"href":"https:\/\/ventspils.citro.lv\/ru\/wp-json\/wp\/v2\/media?parent=366661"}],"wp:term":[{"taxonomy":"product_cat","embeddable":true,"href":"https:\/\/ventspils.citro.lv\/ru\/wp-json\/wp\/v2\/product_cat?post=366661"},{"taxonomy":"product_tag","embeddable":true,"href":"https:\/\/ventspils.citro.lv\/ru\/wp-json\/wp\/v2\/product_tag?post=366661"}],"curies":[{"name":"wp","href":"https:\/\/api.w.org\/{rel}","templated":true}]}}