{"id":359246,"date":"2026-04-03T01:18:51","date_gmt":"2026-04-02T22:18:51","guid":{"rendered":"https:\/\/ventspils.citro.lv\/veikals\/salvetes-mitras-super-baby-ar-kumelisu-un-alvejas-ekstraktu\/"},"modified":"2026-04-10T13:40:18","modified_gmt":"2026-04-10T10:40:18","slug":"salvetes-mitras-super-baby-ar-kumelisu-un-alvejas-ekstraktu","status":"publish","type":"product","link":"https:\/\/ventspils.citro.lv\/ru\/veikals\/salvetes-mitras-super-baby-ar-kumelisu-un-alvejas-ekstraktu\/","title":{"rendered":"Salvetes mitr\u0101s Super Baby ar kumel\u012b\u0161u un alvejas ekstraktu"},"content":{"rendered":"","protected":false},"excerpt":{"rendered":"<p>&nbsp;<\/p>\n","protected":false},"featured_media":1239466,"template":"","meta":{"_acf_changed":false,"inline_featured_image":false},"product_cat":[172,189],"product_tag":[],"acf":[],"aioseo_notices":[],"_links":{"self":[{"href":"https:\/\/ventspils.citro.lv\/ru\/wp-json\/wp\/v2\/product\/359246"}],"collection":[{"href":"https:\/\/ventspils.citro.lv\/ru\/wp-json\/wp\/v2\/product"}],"about":[{"href":"https:\/\/ventspils.citro.lv\/ru\/wp-json\/wp\/v2\/types\/product"}],"wp:featuredmedia":[{"embeddable":true,"href":"https:\/\/ventspils.citro.lv\/ru\/wp-json\/wp\/v2\/media\/1239466"}],"wp:attachment":[{"href":"https:\/\/ventspils.citro.lv\/ru\/wp-json\/wp\/v2\/media?parent=359246"}],"wp:term":[{"taxonomy":"product_cat","embeddable":true,"href":"https:\/\/ventspils.citro.lv\/ru\/wp-json\/wp\/v2\/product_cat?post=359246"},{"taxonomy":"product_tag","embeddable":true,"href":"https:\/\/ventspils.citro.lv\/ru\/wp-json\/wp\/v2\/product_tag?post=359246"}],"curies":[{"name":"wp","href":"https:\/\/api.w.org\/{rel}","templated":true}]}}