{"id":359180,"date":"2026-03-21T04:48:25","date_gmt":"2026-03-21T02:48:25","guid":{"rendered":"https:\/\/ventspils.citro.lv\/veikals\/berzudens-cesu-citrons-laims-1-5l-2\/"},"modified":"2026-03-21T04:48:36","modified_gmt":"2026-03-21T02:48:36","slug":"berzudens-cesu-citrons-laims-1-5l-2","status":"publish","type":"product","link":"https:\/\/ventspils.citro.lv\/ru\/veikals\/berzudens-cesu-citrons-laims-1-5l-2\/","title":{"rendered":"B\u0113rz\u016bdens C\u0113su citrons, laims 1.5l"},"content":{"rendered":"","protected":false},"excerpt":{"rendered":"<p>0.93 \u20ac\/l<\/p>\n","protected":false},"featured_media":1230445,"template":"","meta":{"_acf_changed":false,"inline_featured_image":false},"product_cat":[106,186],"product_tag":[],"acf":[],"aioseo_notices":[],"_links":{"self":[{"href":"https:\/\/ventspils.citro.lv\/ru\/wp-json\/wp\/v2\/product\/359180"}],"collection":[{"href":"https:\/\/ventspils.citro.lv\/ru\/wp-json\/wp\/v2\/product"}],"about":[{"href":"https:\/\/ventspils.citro.lv\/ru\/wp-json\/wp\/v2\/types\/product"}],"wp:featuredmedia":[{"embeddable":true,"href":"https:\/\/ventspils.citro.lv\/ru\/wp-json\/wp\/v2\/media\/1230445"}],"wp:attachment":[{"href":"https:\/\/ventspils.citro.lv\/ru\/wp-json\/wp\/v2\/media?parent=359180"}],"wp:term":[{"taxonomy":"product_cat","embeddable":true,"href":"https:\/\/ventspils.citro.lv\/ru\/wp-json\/wp\/v2\/product_cat?post=359180"},{"taxonomy":"product_tag","embeddable":true,"href":"https:\/\/ventspils.citro.lv\/ru\/wp-json\/wp\/v2\/product_tag?post=359180"}],"curies":[{"name":"wp","href":"https:\/\/api.w.org\/{rel}","templated":true}]}}