{"id":359145,"date":"2026-04-24T08:36:22","date_gmt":"2026-04-24T05:36:22","guid":{"rendered":"https:\/\/ventspils.citro.lv\/veikals\/dzeriens-tymbark-abolu-arbuzu-250ml-2\/"},"modified":"2026-04-24T08:36:31","modified_gmt":"2026-04-24T05:36:31","slug":"dzeriens-tymbark-abolu-arbuzu-250ml-2","status":"publish","type":"product","link":"https:\/\/ventspils.citro.lv\/ru\/veikals\/dzeriens-tymbark-abolu-arbuzu-250ml-2\/","title":{"rendered":"Dz\u0113riens Tymbark \u0101bolu- arb\u016bzu 250ml"},"content":{"rendered":"","protected":false},"excerpt":{"rendered":"<p>2.76 \u20ac\/l<\/p>\n","protected":false},"featured_media":1252613,"template":"","meta":{"_acf_changed":false,"inline_featured_image":false},"product_cat":[106,124],"product_tag":[],"acf":[],"aioseo_notices":[],"_links":{"self":[{"href":"https:\/\/ventspils.citro.lv\/ru\/wp-json\/wp\/v2\/product\/359145"}],"collection":[{"href":"https:\/\/ventspils.citro.lv\/ru\/wp-json\/wp\/v2\/product"}],"about":[{"href":"https:\/\/ventspils.citro.lv\/ru\/wp-json\/wp\/v2\/types\/product"}],"wp:featuredmedia":[{"embeddable":true,"href":"https:\/\/ventspils.citro.lv\/ru\/wp-json\/wp\/v2\/media\/1252613"}],"wp:attachment":[{"href":"https:\/\/ventspils.citro.lv\/ru\/wp-json\/wp\/v2\/media?parent=359145"}],"wp:term":[{"taxonomy":"product_cat","embeddable":true,"href":"https:\/\/ventspils.citro.lv\/ru\/wp-json\/wp\/v2\/product_cat?post=359145"},{"taxonomy":"product_tag","embeddable":true,"href":"https:\/\/ventspils.citro.lv\/ru\/wp-json\/wp\/v2\/product_tag?post=359145"}],"curies":[{"name":"wp","href":"https:\/\/api.w.org\/{rel}","templated":true}]}}