{"id":359090,"date":"2026-04-24T08:03:14","date_gmt":"2026-04-24T05:03:14","guid":{"rendered":"https:\/\/ventspils.citro.lv\/veikals\/tirisanas-lidzeklis-ace-wc-ultra-lemon-750ml\/"},"modified":"2026-04-24T08:03:25","modified_gmt":"2026-04-24T05:03:25","slug":"tirisanas-lidzeklis-ace-wc-ultra-lemon-750ml","status":"publish","type":"product","link":"https:\/\/ventspils.citro.lv\/ru\/veikals\/tirisanas-lidzeklis-ace-wc-ultra-lemon-750ml\/","title":{"rendered":"T\u012br\u012b\u0161anas l\u012bdzeklis Ace WC Ultra Lemon 750ml"},"content":{"rendered":"","protected":false},"excerpt":{"rendered":"<p>3.32 \u20ac\/l<\/p>\n","protected":false},"featured_media":1252461,"template":"","meta":{"_acf_changed":false,"inline_featured_image":false},"product_cat":[131,169],"product_tag":[],"acf":[],"aioseo_notices":[],"_links":{"self":[{"href":"https:\/\/ventspils.citro.lv\/ru\/wp-json\/wp\/v2\/product\/359090"}],"collection":[{"href":"https:\/\/ventspils.citro.lv\/ru\/wp-json\/wp\/v2\/product"}],"about":[{"href":"https:\/\/ventspils.citro.lv\/ru\/wp-json\/wp\/v2\/types\/product"}],"wp:featuredmedia":[{"embeddable":true,"href":"https:\/\/ventspils.citro.lv\/ru\/wp-json\/wp\/v2\/media\/1252461"}],"wp:attachment":[{"href":"https:\/\/ventspils.citro.lv\/ru\/wp-json\/wp\/v2\/media?parent=359090"}],"wp:term":[{"taxonomy":"product_cat","embeddable":true,"href":"https:\/\/ventspils.citro.lv\/ru\/wp-json\/wp\/v2\/product_cat?post=359090"},{"taxonomy":"product_tag","embeddable":true,"href":"https:\/\/ventspils.citro.lv\/ru\/wp-json\/wp\/v2\/product_tag?post=359090"}],"curies":[{"name":"wp","href":"https:\/\/api.w.org\/{rel}","templated":true}]}}