{"id":357702,"date":"2026-04-25T01:27:20","date_gmt":"2026-04-24T22:27:20","guid":{"rendered":"https:\/\/ventspils.citro.lv\/veikals\/cepumi-rono-ar-lazdu-riekstu-garsas-krema-pildijumu-45g\/"},"modified":"2026-04-25T14:55:38","modified_gmt":"2026-04-25T11:55:38","slug":"cepumi-rono-ar-lazdu-riekstu-garsas-krema-pildijumu-45g","status":"publish","type":"product","link":"https:\/\/ventspils.citro.lv\/ru\/veikals\/cepumi-rono-ar-lazdu-riekstu-garsas-krema-pildijumu-45g\/","title":{"rendered":"Cepumi Rono ar lazdu riekstu gar\u0161as kr\u0113ma pild\u012bjumu 45g"},"content":{"rendered":"","protected":false},"excerpt":{"rendered":"<p>7.78 \u20ac\/kg<\/p>\n","protected":false},"featured_media":1253641,"template":"","meta":{"_acf_changed":false,"inline_featured_image":false},"product_cat":[125,139],"product_tag":[],"acf":[],"aioseo_notices":[],"_links":{"self":[{"href":"https:\/\/ventspils.citro.lv\/ru\/wp-json\/wp\/v2\/product\/357702"}],"collection":[{"href":"https:\/\/ventspils.citro.lv\/ru\/wp-json\/wp\/v2\/product"}],"about":[{"href":"https:\/\/ventspils.citro.lv\/ru\/wp-json\/wp\/v2\/types\/product"}],"wp:featuredmedia":[{"embeddable":true,"href":"https:\/\/ventspils.citro.lv\/ru\/wp-json\/wp\/v2\/media\/1253641"}],"wp:attachment":[{"href":"https:\/\/ventspils.citro.lv\/ru\/wp-json\/wp\/v2\/media?parent=357702"}],"wp:term":[{"taxonomy":"product_cat","embeddable":true,"href":"https:\/\/ventspils.citro.lv\/ru\/wp-json\/wp\/v2\/product_cat?post=357702"},{"taxonomy":"product_tag","embeddable":true,"href":"https:\/\/ventspils.citro.lv\/ru\/wp-json\/wp\/v2\/product_tag?post=357702"}],"curies":[{"name":"wp","href":"https:\/\/api.w.org\/{rel}","templated":true}]}}