{"id":35373,"date":"2026-05-08T03:03:14","date_gmt":"2026-05-08T00:03:14","guid":{"rendered":"https:\/\/ventspils.citro.lv\/veikals\/desa-piena-calu-kekava-400g\/"},"modified":"2026-05-09T12:05:35","modified_gmt":"2026-05-09T09:05:35","slug":"desa-piena-calu-kekava-400g","status":"publish","type":"product","link":"https:\/\/ventspils.citro.lv\/ru\/veikals\/desa-piena-calu-kekava-400g\/","title":{"rendered":"Desa piena c\u0101\u013cu \u0136ekava 400g"},"content":{"rendered":"","protected":false},"excerpt":{"rendered":"<p>3.88 \u20ac\/kg<\/p>\n","protected":false},"featured_media":1257641,"template":"","meta":{"_acf_changed":false,"inline_featured_image":false},"product_cat":[135,144],"product_tag":[],"acf":[],"aioseo_notices":[],"_links":{"self":[{"href":"https:\/\/ventspils.citro.lv\/ru\/wp-json\/wp\/v2\/product\/35373"}],"collection":[{"href":"https:\/\/ventspils.citro.lv\/ru\/wp-json\/wp\/v2\/product"}],"about":[{"href":"https:\/\/ventspils.citro.lv\/ru\/wp-json\/wp\/v2\/types\/product"}],"wp:featuredmedia":[{"embeddable":true,"href":"https:\/\/ventspils.citro.lv\/ru\/wp-json\/wp\/v2\/media\/1257641"}],"wp:attachment":[{"href":"https:\/\/ventspils.citro.lv\/ru\/wp-json\/wp\/v2\/media?parent=35373"}],"wp:term":[{"taxonomy":"product_cat","embeddable":true,"href":"https:\/\/ventspils.citro.lv\/ru\/wp-json\/wp\/v2\/product_cat?post=35373"},{"taxonomy":"product_tag","embeddable":true,"href":"https:\/\/ventspils.citro.lv\/ru\/wp-json\/wp\/v2\/product_tag?post=35373"}],"curies":[{"name":"wp","href":"https:\/\/api.w.org\/{rel}","templated":true}]}}