{"id":35185,"date":"2026-04-07T01:24:49","date_gmt":"2026-04-06T22:24:49","guid":{"rendered":"https:\/\/ventspils.citro.lv\/veikals\/cepumi-marmora-citro-300g\/"},"modified":"2026-04-07T01:25:00","modified_gmt":"2026-04-06T22:25:00","slug":"cepumi-marmora-citro-300g","status":"publish","type":"product","link":"https:\/\/ventspils.citro.lv\/ru\/veikals\/cepumi-marmora-citro-300g\/","title":{"rendered":"Cepumi marmora Citro 300g"},"content":{"rendered":"<p>Fas\u0113ts:A\/S Di\u0101na, Durbes iela 38\/40,Ventspils  Ra\u017eot\u0101js Sia Di\u0101na Bistro,ceptuve Saules rausis.   Sast\u0101vs:KVIE\u0160U MILTI,MARGAR\u012aNS, cukurs,OLAS, pipark\u016bku gar\u0161vielas.Ener\u0123.v\u0113rt\u012bba 2226kj\/533kcal, tauki 32g, pies\u0101tin\u0101t\u0101s tauksk\u0101bes 10g, og\u013chidr\u0101ti 50g, cukurs 13g, \u0161\u0137iedrvielas 3g, olbaltumvielas 9g, s\u0101ls 0.1g Uzglab\u0101t istabas temp.<\/p>\n","protected":false},"excerpt":{"rendered":"<p>8.63 \u20ac\/kg<\/p>\n","protected":false},"featured_media":1240102,"template":"","meta":{"_acf_changed":false,"inline_featured_image":false},"product_cat":[125,139],"product_tag":[],"acf":[],"aioseo_notices":[],"_links":{"self":[{"href":"https:\/\/ventspils.citro.lv\/ru\/wp-json\/wp\/v2\/product\/35185"}],"collection":[{"href":"https:\/\/ventspils.citro.lv\/ru\/wp-json\/wp\/v2\/product"}],"about":[{"href":"https:\/\/ventspils.citro.lv\/ru\/wp-json\/wp\/v2\/types\/product"}],"wp:featuredmedia":[{"embeddable":true,"href":"https:\/\/ventspils.citro.lv\/ru\/wp-json\/wp\/v2\/media\/1240102"}],"wp:attachment":[{"href":"https:\/\/ventspils.citro.lv\/ru\/wp-json\/wp\/v2\/media?parent=35185"}],"wp:term":[{"taxonomy":"product_cat","embeddable":true,"href":"https:\/\/ventspils.citro.lv\/ru\/wp-json\/wp\/v2\/product_cat?post=35185"},{"taxonomy":"product_tag","embeddable":true,"href":"https:\/\/ventspils.citro.lv\/ru\/wp-json\/wp\/v2\/product_tag?post=35185"}],"curies":[{"name":"wp","href":"https:\/\/api.w.org\/{rel}","templated":true}]}}