{"id":35183,"date":"2026-04-09T03:30:14","date_gmt":"2026-04-09T00:30:14","guid":{"rendered":"https:\/\/ventspils.citro.lv\/veikals\/konfektes-piena-gotina-citro\/"},"modified":"2026-04-09T03:30:20","modified_gmt":"2026-04-09T00:30:20","slug":"konfektes-piena-gotina-citro","status":"publish","type":"product","link":"https:\/\/ventspils.citro.lv\/ru\/veikals\/konfektes-piena-gotina-citro\/","title":{"rendered":"Konfektes piena goti\u0146a Citro"},"content":{"rendered":"<p>Sast\u0101vs: Svaigpiens, cukurs, glikozes s\u012brups, sviests, aromatiz\u0113t\u0101js-vanil\u012bns.Uzturv\u0113rt\u012bba 100 g produkta: Ener\u0123\u0113tisk\u0101 v\u0113rt\u012bba: \u00a01606 kJ \/ 379 kcal. Tauki: \u00a03,14 g, tostarp pies\u0101tin\u0101t\u0101s tauksk\u0101bes: \u00a01,89 g. Og\u013chidr\u0101ti: \u00a085,42 g, tostarp cukuri: \u00a065,82 g. Olbaltumvielas: 2,21 g. S\u0101ls: \u00a00,07 g.  Fas\u0113ts:A\/S Di\u0101na, Durbes iela 38\/40,Ventspils<\/p>\n","protected":false},"excerpt":{"rendered":"<p>6.99 \u20ac\/kg<\/p>\n","protected":false},"featured_media":1242072,"template":"","meta":{"_acf_changed":false,"inline_featured_image":false},"product_cat":[533,125],"product_tag":[],"acf":[],"aioseo_notices":[],"_links":{"self":[{"href":"https:\/\/ventspils.citro.lv\/ru\/wp-json\/wp\/v2\/product\/35183"}],"collection":[{"href":"https:\/\/ventspils.citro.lv\/ru\/wp-json\/wp\/v2\/product"}],"about":[{"href":"https:\/\/ventspils.citro.lv\/ru\/wp-json\/wp\/v2\/types\/product"}],"wp:featuredmedia":[{"embeddable":true,"href":"https:\/\/ventspils.citro.lv\/ru\/wp-json\/wp\/v2\/media\/1242072"}],"wp:attachment":[{"href":"https:\/\/ventspils.citro.lv\/ru\/wp-json\/wp\/v2\/media?parent=35183"}],"wp:term":[{"taxonomy":"product_cat","embeddable":true,"href":"https:\/\/ventspils.citro.lv\/ru\/wp-json\/wp\/v2\/product_cat?post=35183"},{"taxonomy":"product_tag","embeddable":true,"href":"https:\/\/ventspils.citro.lv\/ru\/wp-json\/wp\/v2\/product_tag?post=35183"}],"curies":[{"name":"wp","href":"https:\/\/api.w.org\/{rel}","templated":true}]}}