{"id":35136,"date":"2026-05-02T01:06:02","date_gmt":"2026-05-01T22:06:02","guid":{"rendered":"https:\/\/ventspils.citro.lv\/veikals\/konfektes-ziemassvetku\/"},"modified":"2026-05-02T01:06:10","modified_gmt":"2026-05-01T22:06:10","slug":"konfektes-ziemassvetku","status":"publish","type":"product","link":"https:\/\/ventspils.citro.lv\/ru\/veikals\/konfektes-ziemassvetku\/","title":{"rendered":"Konfektes Ziemassv\u0113tku"},"content":{"rendered":"<p>\u0160okol\u0101de 30%. Sast\u0101vda\u013cas: cukurs, zemesrieksti, kvie\u0161u milti, augu tauki (palmu e\u013c\u013ca, basijas kodolu e\u013c\u013ca, emulgators sojas lecit\u012bni), kakao masa, pipark\u016bkas 6% (kvie\u0161u milti, cukurs, augu tauki (basijas kodolu e\u013c\u013ca, palmu e\u013c\u013ca, emulgators tauksk\u0101bju mono un diglicer\u012bdi, aromatiz\u0113t\u0101js, kr\u0101sviela karot\u012bni), gar\u0161vielas 1,7% (koriandrs, smar\u017e\u012bgie pipari, melnie pipari 0,2%, ingvers 0,2%, krustnagli\u0146as, muskatrieksti), irdin\u0101t\u0101ji (n\u0101trija hidrog\u0113nkarbon\u0101ts, amonija hidrog\u0113nkarbon\u0101ts), emulgators sojas lecit\u012bni), kakao sviests, olu masa, emulgatori (amonija fosfat\u012bdi, sojas lecit\u012bni, poliglicer\u012bna polir\u012bcinol\u0101ts), s\u0101ls, irdin\u0101t\u0101js n\u0101trija hidrog\u0113nkarbon\u0101ts, aromatiz\u0113t\u0101js. Var satur\u0113t riekstu un piena da\u013ci\u0146as. Kakao saturs \u0161okol\u0101d\u0113 vismaz 39%.  100g produkta satur: ener\u0123\u0113tisk\u0101 v\u0113rt\u012bba &#8212; 2141kJ\/512kcal, tauki \u2013 27g, tostarp pies\u0101tin\u0101t\u0101s tauksk\u0101bes &#8212; 11,2g, og\u013chidr\u0101ti \u2013 60g, tostarp cukuri \u2013 54g, olbaltumvielas &#8212; 7,2g, s\u0101ls &#8212; 0,05g. Uzglab\u0101t saus\u0101 un v\u0113s\u0101 viet\u0101 (18\u00b13)\u00b0 C.<\/p>\n","protected":false},"excerpt":{"rendered":"<p>18.99 \u20ac\/kg<\/p>\n","protected":false},"featured_media":1255516,"template":"","meta":{"_acf_changed":false,"inline_featured_image":false},"product_cat":[533,125],"product_tag":[],"acf":[],"aioseo_notices":[],"_links":{"self":[{"href":"https:\/\/ventspils.citro.lv\/ru\/wp-json\/wp\/v2\/product\/35136"}],"collection":[{"href":"https:\/\/ventspils.citro.lv\/ru\/wp-json\/wp\/v2\/product"}],"about":[{"href":"https:\/\/ventspils.citro.lv\/ru\/wp-json\/wp\/v2\/types\/product"}],"wp:featuredmedia":[{"embeddable":true,"href":"https:\/\/ventspils.citro.lv\/ru\/wp-json\/wp\/v2\/media\/1255516"}],"wp:attachment":[{"href":"https:\/\/ventspils.citro.lv\/ru\/wp-json\/wp\/v2\/media?parent=35136"}],"wp:term":[{"taxonomy":"product_cat","embeddable":true,"href":"https:\/\/ventspils.citro.lv\/ru\/wp-json\/wp\/v2\/product_cat?post=35136"},{"taxonomy":"product_tag","embeddable":true,"href":"https:\/\/ventspils.citro.lv\/ru\/wp-json\/wp\/v2\/product_tag?post=35136"}],"curies":[{"name":"wp","href":"https:\/\/api.w.org\/{rel}","templated":true}]}}