{"id":35130,"date":"2026-02-17T01:54:39","date_gmt":"2026-02-16T23:54:39","guid":{"rendered":"https:\/\/ventspils.citro.lv\/veikals\/konfektes-verze-sver\/"},"modified":"2026-02-17T01:54:44","modified_gmt":"2026-02-16T23:54:44","slug":"konfektes-verze-sver","status":"publish","type":"product","link":"https:\/\/ventspils.citro.lv\/ru\/veikals\/konfektes-verze-sver\/","title":{"rendered":"Konfektes Ver\u017ee sver."},"content":{"rendered":"<p>Fas\u0113ts:A\/S Di\u0101na, Durbes iela 38\/40,Ventspils  sast\u0101vs:cukurs konditorijas glz\u016bra(cukurs,kakao sviesta aizvietot\u0101js(rafin\u0113ti dezodor\u0113ti augu tauki un e\u013c\u013cas dabisk\u0101 un sacietin\u0101t\u0101 veid\u0101)kakao pulveris,emulgators-sojas letic\u012bns,aromatoz\u0113t\u0101js-vanil\u012bns,cites s\u012brups,iebiezin\u0101ts produkts ar cukuru un augu taukiem,<\/p>\n","protected":false},"excerpt":{"rendered":"<p>5.29 \u20ac\/kg<\/p>\n","protected":false},"featured_media":1210388,"template":"","meta":{"_acf_changed":false,"inline_featured_image":false},"product_cat":[533,125],"product_tag":[],"acf":[],"aioseo_notices":[],"_links":{"self":[{"href":"https:\/\/ventspils.citro.lv\/ru\/wp-json\/wp\/v2\/product\/35130"}],"collection":[{"href":"https:\/\/ventspils.citro.lv\/ru\/wp-json\/wp\/v2\/product"}],"about":[{"href":"https:\/\/ventspils.citro.lv\/ru\/wp-json\/wp\/v2\/types\/product"}],"wp:featuredmedia":[{"embeddable":true,"href":"https:\/\/ventspils.citro.lv\/ru\/wp-json\/wp\/v2\/media\/1210388"}],"wp:attachment":[{"href":"https:\/\/ventspils.citro.lv\/ru\/wp-json\/wp\/v2\/media?parent=35130"}],"wp:term":[{"taxonomy":"product_cat","embeddable":true,"href":"https:\/\/ventspils.citro.lv\/ru\/wp-json\/wp\/v2\/product_cat?post=35130"},{"taxonomy":"product_tag","embeddable":true,"href":"https:\/\/ventspils.citro.lv\/ru\/wp-json\/wp\/v2\/product_tag?post=35130"}],"curies":[{"name":"wp","href":"https:\/\/api.w.org\/{rel}","templated":true}]}}