{"id":35116,"date":"2026-03-17T04:51:23","date_gmt":"2026-03-17T02:51:23","guid":{"rendered":"https:\/\/ventspils.citro.lv\/veikals\/konfektes-kosl-drakon-ar-auglu-garsu-110g\/"},"modified":"2026-03-17T04:51:27","modified_gmt":"2026-03-17T02:51:27","slug":"konfektes-kosl-drakon-ar-auglu-garsu-110g","status":"publish","type":"product","link":"https:\/\/ventspils.citro.lv\/ru\/veikals\/konfektes-kosl-drakon-ar-auglu-garsu-110g\/","title":{"rendered":"Konfektes ko\u0161\u013c. Drakon ar aug\u013cu gar\u0161u 110g"},"content":{"rendered":"","protected":false},"excerpt":{"rendered":"<p>14.09 \u20ac\/kg<\/p>\n","protected":false},"featured_media":1226618,"template":"","meta":{"_acf_changed":false,"inline_featured_image":false},"product_cat":[533,125],"product_tag":[],"acf":[],"aioseo_notices":[],"_links":{"self":[{"href":"https:\/\/ventspils.citro.lv\/ru\/wp-json\/wp\/v2\/product\/35116"}],"collection":[{"href":"https:\/\/ventspils.citro.lv\/ru\/wp-json\/wp\/v2\/product"}],"about":[{"href":"https:\/\/ventspils.citro.lv\/ru\/wp-json\/wp\/v2\/types\/product"}],"wp:featuredmedia":[{"embeddable":true,"href":"https:\/\/ventspils.citro.lv\/ru\/wp-json\/wp\/v2\/media\/1226618"}],"wp:attachment":[{"href":"https:\/\/ventspils.citro.lv\/ru\/wp-json\/wp\/v2\/media?parent=35116"}],"wp:term":[{"taxonomy":"product_cat","embeddable":true,"href":"https:\/\/ventspils.citro.lv\/ru\/wp-json\/wp\/v2\/product_cat?post=35116"},{"taxonomy":"product_tag","embeddable":true,"href":"https:\/\/ventspils.citro.lv\/ru\/wp-json\/wp\/v2\/product_tag?post=35116"}],"curies":[{"name":"wp","href":"https:\/\/api.w.org\/{rel}","templated":true}]}}