{"id":35114,"date":"2026-03-17T04:48:02","date_gmt":"2026-03-17T02:48:02","guid":{"rendered":"https:\/\/ventspils.citro.lv\/veikals\/konfektes-crazy-bee-frutti\/"},"modified":"2026-03-17T04:48:07","modified_gmt":"2026-03-17T02:48:07","slug":"konfektes-crazy-bee-frutti","status":"publish","type":"product","link":"https:\/\/ventspils.citro.lv\/ru\/veikals\/konfektes-crazy-bee-frutti\/","title":{"rendered":"Konfektes Crazy Bee Frutti"},"content":{"rendered":"<p>Sast\u0101vda\u013cas: glikozes s\u012brups, cukurs, nutrumuztur\u0113t\u0101js, sorb\u012bta s\u012brups, recin\u0101t\u0101js: E407, sk\u0101buma regul\u0113t\u0101ji: piensk\u0101be, citronsk\u0101be, E331(iii); modific\u0113ta ciete, aromatiz\u0113t\u0101ji; viela: balts bi\u0161u vasks, koncentr\u0113ta \u0101bolu sula, kr\u0101svielas: antocian\u012bni, paprikas ekstrakts, beta karot\u012bns, indigokarm\u012bns. Produkts var satur\u0113t lipek\u013ca (no KVIE\u0160IEM), olu produktu, PIENA produktu, LAZDU RIEKSTU, MANDE\u013bU, ZEMESRIEKSTU un sezama s\u0113klu da\u013ci\u0146as. Izcelsmes valsts: Ukraina.<\/p>\n","protected":false},"excerpt":{"rendered":"<p>5.99 \u20ac\/kg<\/p>\n","protected":false},"featured_media":1226602,"template":"","meta":{"_acf_changed":false,"inline_featured_image":false},"product_cat":[533,125],"product_tag":[],"acf":[],"aioseo_notices":[],"_links":{"self":[{"href":"https:\/\/ventspils.citro.lv\/ru\/wp-json\/wp\/v2\/product\/35114"}],"collection":[{"href":"https:\/\/ventspils.citro.lv\/ru\/wp-json\/wp\/v2\/product"}],"about":[{"href":"https:\/\/ventspils.citro.lv\/ru\/wp-json\/wp\/v2\/types\/product"}],"wp:featuredmedia":[{"embeddable":true,"href":"https:\/\/ventspils.citro.lv\/ru\/wp-json\/wp\/v2\/media\/1226602"}],"wp:attachment":[{"href":"https:\/\/ventspils.citro.lv\/ru\/wp-json\/wp\/v2\/media?parent=35114"}],"wp:term":[{"taxonomy":"product_cat","embeddable":true,"href":"https:\/\/ventspils.citro.lv\/ru\/wp-json\/wp\/v2\/product_cat?post=35114"},{"taxonomy":"product_tag","embeddable":true,"href":"https:\/\/ventspils.citro.lv\/ru\/wp-json\/wp\/v2\/product_tag?post=35114"}],"curies":[{"name":"wp","href":"https:\/\/api.w.org\/{rel}","templated":true}]}}