{"id":35111,"date":"2026-04-24T05:33:03","date_gmt":"2026-04-24T02:33:03","guid":{"rendered":"https:\/\/ventspils.citro.lv\/veikals\/konfektes-sokolades-candy-nut-roshen\/"},"modified":"2026-05-02T11:59:45","modified_gmt":"2026-05-02T08:59:45","slug":"konfektes-sokolades-candy-nut-ar-zemesriekstiem-roshen","status":"publish","type":"product","link":"https:\/\/ventspils.citro.lv\/ru\/veikals\/konfektes-sokolades-candy-nut-ar-zemesriekstiem-roshen\/","title":{"rendered":"Konfektes \u0161okol\u0101des Candy Nut ar zemesriekstiem Roshen"},"content":{"rendered":"<p>Sast\u0101vda\u013cas: iebiezin\u0101ta piena produkts [v\u0101jpiens, cukurs, augu tauki (palmu e\u013c\u013ca, saulespu\u0137u e\u013c\u013ca), laktoze], apcepti zemesrieksti (26 %), glikozes s\u012brups, augu tauki (palmu e\u013c\u013ca, piln\u012bgi hidrogen\u0113ta palmu kodolu e\u013c\u013ca), cukurs, mitruma uztur\u0113t\u0101js: sorb\u012bta s\u012brups, piena s\u016bkalu pulveris, kakao pulveris ar samazin\u0101tu tauku saturu, s\u0101ls, emulgators: sojas lecit\u012bns, aromatiz\u0113t\u0101ji.  Var satur\u0113t olu baltuma, lipek\u013ca (no mie\u017eu iesala), sezama s\u0113klu da\u013ci\u0146as.  Ener\u0123\u0113tisk\u0101 un uzturv\u0113rt\u012bba 100 g: 2160 kJ\/520 kcal; tauki \u2013 30,0 g, tostarp pies\u0101tin\u0101t\u0101s tauksk\u0101bes \u2013 14,1 g; og\u013chidr\u0101ti \u2013 52,0 g, tostarp cukuri \u2013 31,9 g; olbaltumvielas \u2013 9,5 g; s\u0101ls &#8212; 0,54 g.   Uzglab\u0101\u0161anas nosac\u012bjumi: uzglab\u0101t (18 \u00b1 3) \u00b0C temperat\u016br\u0101, ja gaisa relat\u012bvais mitrums nep\u0101rsniedz 75 %.<\/p>\n","protected":false},"excerpt":{"rendered":"<p>7.19 \u20ac\/kg<\/p>\n","protected":false},"featured_media":1251780,"template":"","meta":{"_acf_changed":false,"inline_featured_image":false},"product_cat":[533,125],"product_tag":[],"acf":[],"aioseo_notices":[],"_links":{"self":[{"href":"https:\/\/ventspils.citro.lv\/ru\/wp-json\/wp\/v2\/product\/35111"}],"collection":[{"href":"https:\/\/ventspils.citro.lv\/ru\/wp-json\/wp\/v2\/product"}],"about":[{"href":"https:\/\/ventspils.citro.lv\/ru\/wp-json\/wp\/v2\/types\/product"}],"wp:featuredmedia":[{"embeddable":true,"href":"https:\/\/ventspils.citro.lv\/ru\/wp-json\/wp\/v2\/media\/1251780"}],"wp:attachment":[{"href":"https:\/\/ventspils.citro.lv\/ru\/wp-json\/wp\/v2\/media?parent=35111"}],"wp:term":[{"taxonomy":"product_cat","embeddable":true,"href":"https:\/\/ventspils.citro.lv\/ru\/wp-json\/wp\/v2\/product_cat?post=35111"},{"taxonomy":"product_tag","embeddable":true,"href":"https:\/\/ventspils.citro.lv\/ru\/wp-json\/wp\/v2\/product_tag?post=35111"}],"curies":[{"name":"wp","href":"https:\/\/api.w.org\/{rel}","templated":true}]}}