{"id":35099,"date":"2026-04-08T02:42:27","date_gmt":"2026-04-07T23:42:27","guid":{"rendered":"https:\/\/ventspils.citro.lv\/veikals\/konfektes-bim-bom-ar-pildijumu\/"},"modified":"2026-04-08T02:42:31","modified_gmt":"2026-04-07T23:42:31","slug":"konfektes-bim-bom-ar-pildijumu","status":"publish","type":"product","link":"https:\/\/ventspils.citro.lv\/ru\/veikals\/konfektes-bim-bom-ar-pildijumu\/","title":{"rendered":"Konfektes Bim Bom ar pild\u012bjumu"},"content":{"rendered":"<p>Safas\u0113ts:A\/S Di\u0101na,Durbes 38\/40,Ventspils  Sast\u0101vs:glikozes s\u012brups,cukurs,sk\u0101buma regul\u0113t\u0101ji(piensk\u0101be,citronsk\u0101be),aug\u013cu sulu konc.(0.3%),zemene,anan\u0101ss,bumbieris,aromatiz\u0113t\u0101ji(aug\u013cu-riekstu sald\u0113jums,anan\u0101ss,bumbieris,me\u017ea zrmrnr)kr\u0101svielas(E163,E100,E160c,E132)stabilizators(invert\u0101ze).Pild\u012bjums-18%<\/p>\n","protected":false},"excerpt":{"rendered":"<p>5.99 \u20ac\/kg<\/p>\n","protected":false},"featured_media":1240376,"template":"","meta":{"_acf_changed":false,"inline_featured_image":false},"product_cat":[533,125],"product_tag":[],"acf":[],"aioseo_notices":[],"_links":{"self":[{"href":"https:\/\/ventspils.citro.lv\/ru\/wp-json\/wp\/v2\/product\/35099"}],"collection":[{"href":"https:\/\/ventspils.citro.lv\/ru\/wp-json\/wp\/v2\/product"}],"about":[{"href":"https:\/\/ventspils.citro.lv\/ru\/wp-json\/wp\/v2\/types\/product"}],"wp:featuredmedia":[{"embeddable":true,"href":"https:\/\/ventspils.citro.lv\/ru\/wp-json\/wp\/v2\/media\/1240376"}],"wp:attachment":[{"href":"https:\/\/ventspils.citro.lv\/ru\/wp-json\/wp\/v2\/media?parent=35099"}],"wp:term":[{"taxonomy":"product_cat","embeddable":true,"href":"https:\/\/ventspils.citro.lv\/ru\/wp-json\/wp\/v2\/product_cat?post=35099"},{"taxonomy":"product_tag","embeddable":true,"href":"https:\/\/ventspils.citro.lv\/ru\/wp-json\/wp\/v2\/product_tag?post=35099"}],"curies":[{"name":"wp","href":"https:\/\/api.w.org\/{rel}","templated":true}]}}