{"id":35094,"date":"2026-04-21T00:46:07","date_gmt":"2026-04-20T21:46:07","guid":{"rendered":"https:\/\/ventspils.citro.lv\/veikals\/konfektes-vetrasputns\/"},"modified":"2026-04-21T00:46:12","modified_gmt":"2026-04-20T21:46:12","slug":"konfektes-vetrasputns","status":"publish","type":"product","link":"https:\/\/ventspils.citro.lv\/ru\/veikals\/konfektes-vetrasputns\/","title":{"rendered":"Konfektes V\u0113trasputns"},"content":{"rendered":"<p>Sast\u0101vda\u013cas: cukurs, iebiezin\u0101ts piens ar cukuru, \u016bdens, glikozes s\u012brups, kakao masa, kakao sviests, spirts, emulgatori (amonija fosfat\u012bdi, poliglicer\u012bna polir\u012bcinole\u0101ts), aromatiz\u0113t\u0101ji. Var satur\u0113t riekstu da\u013ci\u0146as. Kakao satur \u0161okol\u0101d\u0113 nav maz\u0101ks par 39%. 100g produkta satur: ener\u0123\u0113tisk\u0101 v\u0113rt\u012bba -1696kJ\/400kcal, tauki &#8212; 8,7g, tostarp pies\u0101tin\u0101t\u0101s tauksk\u0101bes \u20136,0g, og\u013chidr\u0101ti &#8212; 78g, tostarp cukuri &#8212; 77 g, olbaltumvielas &#8212;  2,5g, s\u0101ls &#8212; 0,01g.Uzglab\u0101t saus\u0101 un v\u0113s\u0101 viet\u0101 (18\u00b13)\u00b0 C.<\/p>\n","protected":false},"excerpt":{"rendered":"<p>18.99 \u20ac\/kg<\/p>\n","protected":false},"featured_media":1247511,"template":"","meta":{"_acf_changed":false,"inline_featured_image":false},"product_cat":[533,125],"product_tag":[],"acf":[],"aioseo_notices":[],"_links":{"self":[{"href":"https:\/\/ventspils.citro.lv\/ru\/wp-json\/wp\/v2\/product\/35094"}],"collection":[{"href":"https:\/\/ventspils.citro.lv\/ru\/wp-json\/wp\/v2\/product"}],"about":[{"href":"https:\/\/ventspils.citro.lv\/ru\/wp-json\/wp\/v2\/types\/product"}],"wp:featuredmedia":[{"embeddable":true,"href":"https:\/\/ventspils.citro.lv\/ru\/wp-json\/wp\/v2\/media\/1247511"}],"wp:attachment":[{"href":"https:\/\/ventspils.citro.lv\/ru\/wp-json\/wp\/v2\/media?parent=35094"}],"wp:term":[{"taxonomy":"product_cat","embeddable":true,"href":"https:\/\/ventspils.citro.lv\/ru\/wp-json\/wp\/v2\/product_cat?post=35094"},{"taxonomy":"product_tag","embeddable":true,"href":"https:\/\/ventspils.citro.lv\/ru\/wp-json\/wp\/v2\/product_tag?post=35094"}],"curies":[{"name":"wp","href":"https:\/\/api.w.org\/{rel}","templated":true}]}}