{"id":35086,"date":"2026-05-12T03:36:38","date_gmt":"2026-05-12T00:36:38","guid":{"rendered":"https:\/\/ventspils.citro.lv\/veikals\/konfektes-rudzupuke\/"},"modified":"2026-05-12T03:36:43","modified_gmt":"2026-05-12T00:36:43","slug":"konfektes-rudzupuke","status":"publish","type":"product","link":"https:\/\/ventspils.citro.lv\/ru\/veikals\/konfektes-rudzupuke\/","title":{"rendered":"Konfektes Rudzupu\u0137e"},"content":{"rendered":"<p>Fas\u0113ts:A\/S Di\u0101na, Durbes iela 38\/40,Ventspils  Sast\u0101vda\u013cas: cukurs, iebiezin\u0101ts piens ar cukuru, \u016bdens, glikozes s\u012brups, kakao masa, sviests, lazdu rieksti, kakao sviests, degv\u012bns, emulgatori (amonija fosfat\u012bdi, poliglicer\u012bna polir\u012bcinole\u0101ts), aromatiz\u0113t\u0101ji. Kakao satur \u0161okol\u0101d\u0113 nav maz\u0101ks par 39%.  100g produkta satur: ener\u0123\u0113tisk\u0101 v\u0113rt\u012bba &#8212; 1848kJ\/440kcal, tauki &#8212; 17g, tostarp pies\u0101tin\u0101t\u0101s tauksk\u0101bes \u201312 g, og\u013chidr\u0101ti &#8212; 68g, tostarp cukuri &#8212; 67 g, olbaltumvielas &#8212;  3,7g, s\u0101ls &#8212; 0,12 g.Uzglab\u0101t saus\u0101 un v\u0113s\u0101 viet\u0101 (18\u00b13)\u00b0 C.<\/p>\n","protected":false},"excerpt":{"rendered":"<p>9.99 \u20ac\/kg<\/p>\n","protected":false},"featured_media":1258613,"template":"","meta":{"_acf_changed":false,"inline_featured_image":false},"product_cat":[533,125],"product_tag":[],"acf":[],"aioseo_notices":[],"_links":{"self":[{"href":"https:\/\/ventspils.citro.lv\/ru\/wp-json\/wp\/v2\/product\/35086"}],"collection":[{"href":"https:\/\/ventspils.citro.lv\/ru\/wp-json\/wp\/v2\/product"}],"about":[{"href":"https:\/\/ventspils.citro.lv\/ru\/wp-json\/wp\/v2\/types\/product"}],"wp:featuredmedia":[{"embeddable":true,"href":"https:\/\/ventspils.citro.lv\/ru\/wp-json\/wp\/v2\/media\/1258613"}],"wp:attachment":[{"href":"https:\/\/ventspils.citro.lv\/ru\/wp-json\/wp\/v2\/media?parent=35086"}],"wp:term":[{"taxonomy":"product_cat","embeddable":true,"href":"https:\/\/ventspils.citro.lv\/ru\/wp-json\/wp\/v2\/product_cat?post=35086"},{"taxonomy":"product_tag","embeddable":true,"href":"https:\/\/ventspils.citro.lv\/ru\/wp-json\/wp\/v2\/product_tag?post=35086"}],"curies":[{"name":"wp","href":"https:\/\/api.w.org\/{rel}","templated":true}]}}