{"id":35077,"date":"2026-03-24T00:51:52","date_gmt":"2026-03-23T22:51:52","guid":{"rendered":"https:\/\/ventspils.citro.lv\/veikals\/konfektes-serenade\/"},"modified":"2026-03-24T00:52:08","modified_gmt":"2026-03-23T22:52:08","slug":"konfektes-serenade","status":"publish","type":"product","link":"https:\/\/ventspils.citro.lv\/ru\/veikals\/konfektes-serenade\/","title":{"rendered":"Konfektes Seren\u0101de"},"content":{"rendered":"<p>Fas\u0113ts:A\/S Di\u0101na, Durbes iela 38\/40,Ventspils  Sast\u0101vda\u013cas: cukurs,lazdu rieksti 23%, \u0101bolu biezenis 19% (\u0101boli, konservants k\u0101lija sorb\u0101ts), \u016bdens, apriko\u017eu biezenis 10%, kakao masa, kakao sviests, sk\u0101buma regul\u0113t\u0101ji (citronsk\u0101be, n\u0101trija citr\u0101ts), emulgatori (amonija fosfat\u012bdi, poliglicer\u012bna polir\u012bcinole\u0101ts), aromatiz\u0113t\u0101js. Var satur\u0113t piena, kvie\u0161u lipek\u013ca un zemesriekstuda\u013ci\u0146as.  Kakao saturs \u0161okol\u0101d\u0113 nav maz\u0101ks par 39%. 100 g produkta satur: ener\u0123\u0113tisk\u0101 v\u0113rt\u012bba &#8212; 1890 kJ\/451 kcal, tauki -21,4 g, tostarp pies\u0101tin\u0101t\u0101s tauksk\u0101bes \u2013 6,8 g, og\u013chidr\u0101ti \u2013 60,5 g, tostarp cukuri \u2013 56,0 g, olbaltumvielas \u20136,2 g, s\u0101ls \u20130,02 g. Uzglab\u0101t saus\u0101 un v\u0113s\u0101 viet\u0101 (18\u00b13)\u00b0 C.<\/p>\n","protected":false},"excerpt":{"rendered":"<p>18.99 \u20ac\/kg<\/p>\n","protected":false},"featured_media":1231009,"template":"","meta":{"_acf_changed":false,"inline_featured_image":false},"product_cat":[533,125],"product_tag":[],"acf":[],"aioseo_notices":[],"_links":{"self":[{"href":"https:\/\/ventspils.citro.lv\/ru\/wp-json\/wp\/v2\/product\/35077"}],"collection":[{"href":"https:\/\/ventspils.citro.lv\/ru\/wp-json\/wp\/v2\/product"}],"about":[{"href":"https:\/\/ventspils.citro.lv\/ru\/wp-json\/wp\/v2\/types\/product"}],"wp:featuredmedia":[{"embeddable":true,"href":"https:\/\/ventspils.citro.lv\/ru\/wp-json\/wp\/v2\/media\/1231009"}],"wp:attachment":[{"href":"https:\/\/ventspils.citro.lv\/ru\/wp-json\/wp\/v2\/media?parent=35077"}],"wp:term":[{"taxonomy":"product_cat","embeddable":true,"href":"https:\/\/ventspils.citro.lv\/ru\/wp-json\/wp\/v2\/product_cat?post=35077"},{"taxonomy":"product_tag","embeddable":true,"href":"https:\/\/ventspils.citro.lv\/ru\/wp-json\/wp\/v2\/product_tag?post=35077"}],"curies":[{"name":"wp","href":"https:\/\/api.w.org\/{rel}","templated":true}]}}