{"id":350341,"date":"2026-04-10T07:57:58","date_gmt":"2026-04-10T04:57:58","guid":{"rendered":"https:\/\/ventspils.citro.lv\/veikals\/maisijums-miltu-city-taste-italu-picai-470g\/"},"modified":"2026-04-10T07:58:01","modified_gmt":"2026-04-10T04:58:01","slug":"maisijums-miltu-city-taste-italu-picai-470g","status":"publish","type":"product","link":"https:\/\/ventspils.citro.lv\/ru\/veikals\/maisijums-miltu-city-taste-italu-picai-470g\/","title":{"rendered":"Mais\u012bjums miltu City Taste It\u0101\u013cu picai 470g"},"content":{"rendered":"","protected":false},"excerpt":{"rendered":"<p>2.53 \u20ac\/kg<\/p>\n","protected":false},"featured_media":1243778,"template":"","meta":{"_acf_changed":false,"inline_featured_image":false},"product_cat":[118,120],"product_tag":[],"acf":[],"aioseo_notices":[],"_links":{"self":[{"href":"https:\/\/ventspils.citro.lv\/ru\/wp-json\/wp\/v2\/product\/350341"}],"collection":[{"href":"https:\/\/ventspils.citro.lv\/ru\/wp-json\/wp\/v2\/product"}],"about":[{"href":"https:\/\/ventspils.citro.lv\/ru\/wp-json\/wp\/v2\/types\/product"}],"wp:featuredmedia":[{"embeddable":true,"href":"https:\/\/ventspils.citro.lv\/ru\/wp-json\/wp\/v2\/media\/1243778"}],"wp:attachment":[{"href":"https:\/\/ventspils.citro.lv\/ru\/wp-json\/wp\/v2\/media?parent=350341"}],"wp:term":[{"taxonomy":"product_cat","embeddable":true,"href":"https:\/\/ventspils.citro.lv\/ru\/wp-json\/wp\/v2\/product_cat?post=350341"},{"taxonomy":"product_tag","embeddable":true,"href":"https:\/\/ventspils.citro.lv\/ru\/wp-json\/wp\/v2\/product_tag?post=350341"}],"curies":[{"name":"wp","href":"https:\/\/api.w.org\/{rel}","templated":true}]}}