{"id":350217,"date":"2026-04-28T03:45:41","date_gmt":"2026-04-28T00:45:41","guid":{"rendered":"https:\/\/ventspils.citro.lv\/veikals\/jogurta-dzer-super-brokastis-ar-marakuju-un-cia-seklam-700g\/"},"modified":"2026-04-28T03:45:51","modified_gmt":"2026-04-28T00:45:51","slug":"jogurta-dzer-super-brokastis-ar-marakuju-un-cia-seklam-700g","status":"publish","type":"product","link":"https:\/\/ventspils.citro.lv\/ru\/veikals\/jogurta-dzer-super-brokastis-ar-marakuju-un-cia-seklam-700g\/","title":{"rendered":"Jogurta dz\u0113r.Super brokastis ar marakuju un \u010dia s\u0113kl\u0101m 700g"},"content":{"rendered":"","protected":false},"excerpt":{"rendered":"<p>3.07 \u20ac\/kg<\/p>\n","protected":false},"featured_media":1254412,"template":"","meta":{"_acf_changed":false,"inline_featured_image":false},"product_cat":[95,100],"product_tag":[],"acf":[],"aioseo_notices":[],"_links":{"self":[{"href":"https:\/\/ventspils.citro.lv\/ru\/wp-json\/wp\/v2\/product\/350217"}],"collection":[{"href":"https:\/\/ventspils.citro.lv\/ru\/wp-json\/wp\/v2\/product"}],"about":[{"href":"https:\/\/ventspils.citro.lv\/ru\/wp-json\/wp\/v2\/types\/product"}],"wp:featuredmedia":[{"embeddable":true,"href":"https:\/\/ventspils.citro.lv\/ru\/wp-json\/wp\/v2\/media\/1254412"}],"wp:attachment":[{"href":"https:\/\/ventspils.citro.lv\/ru\/wp-json\/wp\/v2\/media?parent=350217"}],"wp:term":[{"taxonomy":"product_cat","embeddable":true,"href":"https:\/\/ventspils.citro.lv\/ru\/wp-json\/wp\/v2\/product_cat?post=350217"},{"taxonomy":"product_tag","embeddable":true,"href":"https:\/\/ventspils.citro.lv\/ru\/wp-json\/wp\/v2\/product_tag?post=350217"}],"curies":[{"name":"wp","href":"https:\/\/api.w.org\/{rel}","templated":true}]}}