{"id":34997,"date":"2026-03-25T04:39:26","date_gmt":"2026-03-25T02:39:26","guid":{"rendered":"https:\/\/ventspils.citro.lv\/veikals\/kartupelu-plaksnes-longchips-ar-skaba-krejuma-un-dillu-garsu\/"},"modified":"2026-03-25T04:39:31","modified_gmt":"2026-03-25T02:39:31","slug":"kartupelu-plaksnes-longchips-ar-skaba-krej-un-dillu-gars-75g","status":"publish","type":"product","link":"https:\/\/ventspils.citro.lv\/ru\/veikals\/kartupelu-plaksnes-longchips-ar-skaba-krej-un-dillu-gars-75g\/","title":{"rendered":"Kartupe\u013cu pl\u0101ksnes Longchips ar sk\u0101b\u0101 kr\u0113j.un di\u013c\u013cu gar\u0161.75g"},"content":{"rendered":"","protected":false},"excerpt":{"rendered":"<p>12.67 \u20ac\/kg<\/p>\n","protected":false},"featured_media":1231757,"template":"","meta":{"_acf_changed":false,"inline_featured_image":false},"product_cat":[125,191],"product_tag":[],"acf":[],"aioseo_notices":[],"_links":{"self":[{"href":"https:\/\/ventspils.citro.lv\/ru\/wp-json\/wp\/v2\/product\/34997"}],"collection":[{"href":"https:\/\/ventspils.citro.lv\/ru\/wp-json\/wp\/v2\/product"}],"about":[{"href":"https:\/\/ventspils.citro.lv\/ru\/wp-json\/wp\/v2\/types\/product"}],"wp:featuredmedia":[{"embeddable":true,"href":"https:\/\/ventspils.citro.lv\/ru\/wp-json\/wp\/v2\/media\/1231757"}],"wp:attachment":[{"href":"https:\/\/ventspils.citro.lv\/ru\/wp-json\/wp\/v2\/media?parent=34997"}],"wp:term":[{"taxonomy":"product_cat","embeddable":true,"href":"https:\/\/ventspils.citro.lv\/ru\/wp-json\/wp\/v2\/product_cat?post=34997"},{"taxonomy":"product_tag","embeddable":true,"href":"https:\/\/ventspils.citro.lv\/ru\/wp-json\/wp\/v2\/product_tag?post=34997"}],"curies":[{"name":"wp","href":"https:\/\/api.w.org\/{rel}","templated":true}]}}