{"id":34984,"date":"2026-05-02T01:01:01","date_gmt":"2026-05-01T22:01:01","guid":{"rendered":"https:\/\/ventspils.citro.lv\/veikals\/skinkis-c-g-ar-adu\/"},"modified":"2026-05-02T01:01:06","modified_gmt":"2026-05-01T22:01:06","slug":"skinkis-c-g-bez-adas","status":"publish","type":"product","link":"https:\/\/ventspils.citro.lv\/ru\/veikals\/skinkis-c-g-bez-adas\/","title":{"rendered":"\u0160\u0137i\u0146\u0137is c\/g bez \u0101das"},"content":{"rendered":"<p>Uzgl: 0 l\u012bdz +4,Izcelsme:Latvija<\/p>\n","protected":false},"excerpt":{"rendered":"<p>7.69 \u20ac\/kg<\/p>\n","protected":false},"featured_media":1255503,"template":"","meta":{"_acf_changed":false,"inline_featured_image":false},"product_cat":[558,135],"product_tag":[],"acf":[],"aioseo_notices":[],"_links":{"self":[{"href":"https:\/\/ventspils.citro.lv\/ru\/wp-json\/wp\/v2\/product\/34984"}],"collection":[{"href":"https:\/\/ventspils.citro.lv\/ru\/wp-json\/wp\/v2\/product"}],"about":[{"href":"https:\/\/ventspils.citro.lv\/ru\/wp-json\/wp\/v2\/types\/product"}],"wp:featuredmedia":[{"embeddable":true,"href":"https:\/\/ventspils.citro.lv\/ru\/wp-json\/wp\/v2\/media\/1255503"}],"wp:attachment":[{"href":"https:\/\/ventspils.citro.lv\/ru\/wp-json\/wp\/v2\/media?parent=34984"}],"wp:term":[{"taxonomy":"product_cat","embeddable":true,"href":"https:\/\/ventspils.citro.lv\/ru\/wp-json\/wp\/v2\/product_cat?post=34984"},{"taxonomy":"product_tag","embeddable":true,"href":"https:\/\/ventspils.citro.lv\/ru\/wp-json\/wp\/v2\/product_tag?post=34984"}],"curies":[{"name":"wp","href":"https:\/\/api.w.org\/{rel}","templated":true}]}}