{"id":34955,"date":"2026-03-25T03:27:49","date_gmt":"2026-03-25T01:27:49","guid":{"rendered":"https:\/\/ventspils.citro.lv\/veikals\/cuku-adinas-grauzdetas-50g\/"},"modified":"2026-03-25T03:27:54","modified_gmt":"2026-03-25T01:27:54","slug":"cuku-adinas-grauzdetas-50g","status":"publish","type":"product","link":"https:\/\/ventspils.citro.lv\/ru\/veikals\/cuku-adinas-grauzdetas-50g\/","title":{"rendered":"C\u016bku \u0101di\u0146as grauzd\u0113tas 50g"},"content":{"rendered":"","protected":false},"excerpt":{"rendered":"<p>39.80 \u20ac\/kg<\/p>\n","protected":false},"featured_media":1231470,"template":"","meta":{"_acf_changed":false,"inline_featured_image":false},"product_cat":[228,125],"product_tag":[],"acf":[],"aioseo_notices":[],"_links":{"self":[{"href":"https:\/\/ventspils.citro.lv\/ru\/wp-json\/wp\/v2\/product\/34955"}],"collection":[{"href":"https:\/\/ventspils.citro.lv\/ru\/wp-json\/wp\/v2\/product"}],"about":[{"href":"https:\/\/ventspils.citro.lv\/ru\/wp-json\/wp\/v2\/types\/product"}],"wp:featuredmedia":[{"embeddable":true,"href":"https:\/\/ventspils.citro.lv\/ru\/wp-json\/wp\/v2\/media\/1231470"}],"wp:attachment":[{"href":"https:\/\/ventspils.citro.lv\/ru\/wp-json\/wp\/v2\/media?parent=34955"}],"wp:term":[{"taxonomy":"product_cat","embeddable":true,"href":"https:\/\/ventspils.citro.lv\/ru\/wp-json\/wp\/v2\/product_cat?post=34955"},{"taxonomy":"product_tag","embeddable":true,"href":"https:\/\/ventspils.citro.lv\/ru\/wp-json\/wp\/v2\/product_tag?post=34955"}],"curies":[{"name":"wp","href":"https:\/\/api.w.org\/{rel}","templated":true}]}}