{"id":349472,"date":"2025-11-22T07:03:03","date_gmt":"2025-11-22T05:03:03","guid":{"rendered":"https:\/\/ventspils.citro.lv\/veikals\/kalmara-sarkana-salmini-vitinati-42g\/"},"modified":"2026-02-04T23:45:26","modified_gmt":"2026-02-04T21:45:26","slug":"kalmara-sarkana-salmini-vitinati-42g","status":"publish","type":"product","link":"https:\/\/ventspils.citro.lv\/ru\/veikals\/kalmara-sarkana-salmini-vitinati-42g\/","title":{"rendered":"Kalm\u0101ra sarkana salmi\u0146i v\u012btin\u0101ti 42g"},"content":{"rendered":"","protected":false},"excerpt":{"rendered":"<p>49.76 \u20ac\/kg<\/p>\n","protected":false},"featured_media":1164231,"template":"","meta":{"_acf_changed":false,"inline_featured_image":false},"product_cat":[550,135],"product_tag":[],"acf":[],"aioseo_notices":[],"_links":{"self":[{"href":"https:\/\/ventspils.citro.lv\/ru\/wp-json\/wp\/v2\/product\/349472"}],"collection":[{"href":"https:\/\/ventspils.citro.lv\/ru\/wp-json\/wp\/v2\/product"}],"about":[{"href":"https:\/\/ventspils.citro.lv\/ru\/wp-json\/wp\/v2\/types\/product"}],"wp:featuredmedia":[{"embeddable":true,"href":"https:\/\/ventspils.citro.lv\/ru\/wp-json\/wp\/v2\/media\/1164231"}],"wp:attachment":[{"href":"https:\/\/ventspils.citro.lv\/ru\/wp-json\/wp\/v2\/media?parent=349472"}],"wp:term":[{"taxonomy":"product_cat","embeddable":true,"href":"https:\/\/ventspils.citro.lv\/ru\/wp-json\/wp\/v2\/product_cat?post=349472"},{"taxonomy":"product_tag","embeddable":true,"href":"https:\/\/ventspils.citro.lv\/ru\/wp-json\/wp\/v2\/product_tag?post=349472"}],"curies":[{"name":"wp","href":"https:\/\/api.w.org\/{rel}","templated":true}]}}