{"id":349439,"date":"2026-02-18T02:33:14","date_gmt":"2026-02-18T00:33:14","guid":{"rendered":"https:\/\/ventspils.citro.lv\/veikals\/zimulis-2gb-hb-ar-asinataju-un-dzesgumiju\/"},"modified":"2026-03-18T16:07:37","modified_gmt":"2026-03-18T14:07:37","slug":"zimulis-2gb-hb-ar-asinataju-un-dzesgumiju-hermess","status":"publish","type":"product","link":"https:\/\/ventspils.citro.lv\/ru\/veikals\/zimulis-2gb-hb-ar-asinataju-un-dzesgumiju-hermess\/","title":{"rendered":"Z\u012bmulis 2gb HB ar asin\u0101t\u0101ju un dz\u0113\u0161gumiju Hermess"},"content":{"rendered":"","protected":false},"excerpt":{"rendered":"<p>0.40 \u20ac\/gb<\/p>\n","protected":false},"featured_media":1210978,"template":"","meta":{"_acf_changed":false,"inline_featured_image":false},"product_cat":[131,198],"product_tag":[],"acf":[],"aioseo_notices":[],"_links":{"self":[{"href":"https:\/\/ventspils.citro.lv\/ru\/wp-json\/wp\/v2\/product\/349439"}],"collection":[{"href":"https:\/\/ventspils.citro.lv\/ru\/wp-json\/wp\/v2\/product"}],"about":[{"href":"https:\/\/ventspils.citro.lv\/ru\/wp-json\/wp\/v2\/types\/product"}],"wp:featuredmedia":[{"embeddable":true,"href":"https:\/\/ventspils.citro.lv\/ru\/wp-json\/wp\/v2\/media\/1210978"}],"wp:attachment":[{"href":"https:\/\/ventspils.citro.lv\/ru\/wp-json\/wp\/v2\/media?parent=349439"}],"wp:term":[{"taxonomy":"product_cat","embeddable":true,"href":"https:\/\/ventspils.citro.lv\/ru\/wp-json\/wp\/v2\/product_cat?post=349439"},{"taxonomy":"product_tag","embeddable":true,"href":"https:\/\/ventspils.citro.lv\/ru\/wp-json\/wp\/v2\/product_tag?post=349439"}],"curies":[{"name":"wp","href":"https:\/\/api.w.org\/{rel}","templated":true}]}}