{"id":349438,"date":"2026-02-18T02:33:14","date_gmt":"2026-02-18T00:33:14","guid":{"rendered":"https:\/\/ventspils.citro.lv\/veikals\/zimuli-krasainie-6gb-trissturaini-osiris\/"},"modified":"2026-02-18T02:33:19","modified_gmt":"2026-02-18T00:33:19","slug":"zimuli-krasainie-6gb-trissturaini-osiris","status":"publish","type":"product","link":"https:\/\/ventspils.citro.lv\/ru\/veikals\/zimuli-krasainie-6gb-trissturaini-osiris\/","title":{"rendered":"Z\u012bmu\u013ci kr\u0101sainie 6gb tr\u012bsst\u016braini Osiris"},"content":{"rendered":"","protected":false},"excerpt":{"rendered":"<p>0.15 \u20ac\/gb<\/p>\n","protected":false},"featured_media":1210977,"template":"","meta":{"_acf_changed":false,"inline_featured_image":false},"product_cat":[131,198],"product_tag":[],"acf":[],"aioseo_notices":[],"_links":{"self":[{"href":"https:\/\/ventspils.citro.lv\/ru\/wp-json\/wp\/v2\/product\/349438"}],"collection":[{"href":"https:\/\/ventspils.citro.lv\/ru\/wp-json\/wp\/v2\/product"}],"about":[{"href":"https:\/\/ventspils.citro.lv\/ru\/wp-json\/wp\/v2\/types\/product"}],"wp:featuredmedia":[{"embeddable":true,"href":"https:\/\/ventspils.citro.lv\/ru\/wp-json\/wp\/v2\/media\/1210977"}],"wp:attachment":[{"href":"https:\/\/ventspils.citro.lv\/ru\/wp-json\/wp\/v2\/media?parent=349438"}],"wp:term":[{"taxonomy":"product_cat","embeddable":true,"href":"https:\/\/ventspils.citro.lv\/ru\/wp-json\/wp\/v2\/product_cat?post=349438"},{"taxonomy":"product_tag","embeddable":true,"href":"https:\/\/ventspils.citro.lv\/ru\/wp-json\/wp\/v2\/product_tag?post=349438"}],"curies":[{"name":"wp","href":"https:\/\/api.w.org\/{rel}","templated":true}]}}