{"id":349430,"date":"2026-02-18T02:31:01","date_gmt":"2026-02-18T00:31:01","guid":{"rendered":"https:\/\/ventspils.citro.lv\/veikals\/limlapinas-125x75mm-100gb-krasainas\/"},"modified":"2026-02-18T02:31:10","modified_gmt":"2026-02-18T00:31:10","slug":"limlapinas-125x75mm-100gb-krasainas","status":"publish","type":"product","link":"https:\/\/ventspils.citro.lv\/ru\/veikals\/limlapinas-125x75mm-100gb-krasainas\/","title":{"rendered":"L\u012bmlapi\u0146as 125x75mm 100gb kr\u0101sainas"},"content":{"rendered":"","protected":false},"excerpt":{"rendered":"<p>0.02 \u20ac\/gb<\/p>\n","protected":false},"featured_media":1210974,"template":"","meta":{"_acf_changed":false,"inline_featured_image":false},"product_cat":[131,198],"product_tag":[],"acf":[],"aioseo_notices":[],"_links":{"self":[{"href":"https:\/\/ventspils.citro.lv\/ru\/wp-json\/wp\/v2\/product\/349430"}],"collection":[{"href":"https:\/\/ventspils.citro.lv\/ru\/wp-json\/wp\/v2\/product"}],"about":[{"href":"https:\/\/ventspils.citro.lv\/ru\/wp-json\/wp\/v2\/types\/product"}],"wp:featuredmedia":[{"embeddable":true,"href":"https:\/\/ventspils.citro.lv\/ru\/wp-json\/wp\/v2\/media\/1210974"}],"wp:attachment":[{"href":"https:\/\/ventspils.citro.lv\/ru\/wp-json\/wp\/v2\/media?parent=349430"}],"wp:term":[{"taxonomy":"product_cat","embeddable":true,"href":"https:\/\/ventspils.citro.lv\/ru\/wp-json\/wp\/v2\/product_cat?post=349430"},{"taxonomy":"product_tag","embeddable":true,"href":"https:\/\/ventspils.citro.lv\/ru\/wp-json\/wp\/v2\/product_tag?post=349430"}],"curies":[{"name":"wp","href":"https:\/\/api.w.org\/{rel}","templated":true}]}}