{"id":349387,"date":"2026-02-18T02:24:27","date_gmt":"2026-02-18T00:24:27","guid":{"rendered":"https:\/\/ventspils.citro.lv\/veikals\/zimulu-asinamais-ar-2asmeniem-un-rezervuaru\/"},"modified":"2026-02-18T02:24:32","modified_gmt":"2026-02-18T00:24:32","slug":"zimulu-asinamais-ar-2asmeniem-un-rezervuaru-osiris","status":"publish","type":"product","link":"https:\/\/ventspils.citro.lv\/ru\/veikals\/zimulu-asinamais-ar-2asmeniem-un-rezervuaru-osiris\/","title":{"rendered":"Z\u012bmu\u013cu asin\u0101mais ar 2asme\u0146iem un rezervu\u0101ru Osiris"},"content":{"rendered":"","protected":false},"excerpt":{"rendered":"<p>0.49 \u20ac\/gb<\/p>\n","protected":false},"featured_media":1210939,"template":"","meta":{"_acf_changed":false,"inline_featured_image":false},"product_cat":[131,198],"product_tag":[],"acf":[],"aioseo_notices":[],"_links":{"self":[{"href":"https:\/\/ventspils.citro.lv\/ru\/wp-json\/wp\/v2\/product\/349387"}],"collection":[{"href":"https:\/\/ventspils.citro.lv\/ru\/wp-json\/wp\/v2\/product"}],"about":[{"href":"https:\/\/ventspils.citro.lv\/ru\/wp-json\/wp\/v2\/types\/product"}],"wp:featuredmedia":[{"embeddable":true,"href":"https:\/\/ventspils.citro.lv\/ru\/wp-json\/wp\/v2\/media\/1210939"}],"wp:attachment":[{"href":"https:\/\/ventspils.citro.lv\/ru\/wp-json\/wp\/v2\/media?parent=349387"}],"wp:term":[{"taxonomy":"product_cat","embeddable":true,"href":"https:\/\/ventspils.citro.lv\/ru\/wp-json\/wp\/v2\/product_cat?post=349387"},{"taxonomy":"product_tag","embeddable":true,"href":"https:\/\/ventspils.citro.lv\/ru\/wp-json\/wp\/v2\/product_tag?post=349387"}],"curies":[{"name":"wp","href":"https:\/\/api.w.org\/{rel}","templated":true}]}}