{"id":349323,"date":"2026-02-18T02:00:50","date_gmt":"2026-02-18T00:00:50","guid":{"rendered":"https:\/\/ventspils.citro.lv\/veikals\/zimulis-ar-dzesgumiju-1gb-hb\/"},"modified":"2026-02-18T02:01:07","modified_gmt":"2026-02-18T00:01:07","slug":"zimulis-ar-dzesgumiju-1gb-hb-trisst-hermess","status":"publish","type":"product","link":"https:\/\/ventspils.citro.lv\/ru\/veikals\/zimulis-ar-dzesgumiju-1gb-hb-trisst-hermess\/","title":{"rendered":"Z\u012bmulis ar dz\u0113\u0161gumiju 1gb HB tr\u012bsst.Hermess"},"content":{"rendered":"","protected":false},"excerpt":{"rendered":"<p>0.12 \u20ac\/gb<\/p>\n","protected":false},"featured_media":1210865,"template":"","meta":{"_acf_changed":false,"inline_featured_image":false},"product_cat":[131,198],"product_tag":[],"acf":[],"aioseo_notices":[],"_links":{"self":[{"href":"https:\/\/ventspils.citro.lv\/ru\/wp-json\/wp\/v2\/product\/349323"}],"collection":[{"href":"https:\/\/ventspils.citro.lv\/ru\/wp-json\/wp\/v2\/product"}],"about":[{"href":"https:\/\/ventspils.citro.lv\/ru\/wp-json\/wp\/v2\/types\/product"}],"wp:featuredmedia":[{"embeddable":true,"href":"https:\/\/ventspils.citro.lv\/ru\/wp-json\/wp\/v2\/media\/1210865"}],"wp:attachment":[{"href":"https:\/\/ventspils.citro.lv\/ru\/wp-json\/wp\/v2\/media?parent=349323"}],"wp:term":[{"taxonomy":"product_cat","embeddable":true,"href":"https:\/\/ventspils.citro.lv\/ru\/wp-json\/wp\/v2\/product_cat?post=349323"},{"taxonomy":"product_tag","embeddable":true,"href":"https:\/\/ventspils.citro.lv\/ru\/wp-json\/wp\/v2\/product_tag?post=349323"}],"curies":[{"name":"wp","href":"https:\/\/api.w.org\/{rel}","templated":true}]}}