{"id":349315,"date":"2026-02-18T02:00:02","date_gmt":"2026-02-18T00:00:02","guid":{"rendered":"https:\/\/ventspils.citro.lv\/veikals\/otu-skalosanas-traucins\/"},"modified":"2026-02-18T02:00:13","modified_gmt":"2026-02-18T00:00:13","slug":"otu-skalosanas-traucins","status":"publish","type":"product","link":"https:\/\/ventspils.citro.lv\/ru\/veikals\/otu-skalosanas-traucins\/","title":{"rendered":"Otu skalo\u0161anas trauci\u0146\u0161"},"content":{"rendered":"","protected":false},"excerpt":{"rendered":"<p>0.69 \u20ac\/gb<\/p>\n","protected":false},"featured_media":1210860,"template":"","meta":{"_acf_changed":false,"inline_featured_image":false},"product_cat":[131,198],"product_tag":[],"acf":[],"aioseo_notices":[],"_links":{"self":[{"href":"https:\/\/ventspils.citro.lv\/ru\/wp-json\/wp\/v2\/product\/349315"}],"collection":[{"href":"https:\/\/ventspils.citro.lv\/ru\/wp-json\/wp\/v2\/product"}],"about":[{"href":"https:\/\/ventspils.citro.lv\/ru\/wp-json\/wp\/v2\/types\/product"}],"wp:featuredmedia":[{"embeddable":true,"href":"https:\/\/ventspils.citro.lv\/ru\/wp-json\/wp\/v2\/media\/1210860"}],"wp:attachment":[{"href":"https:\/\/ventspils.citro.lv\/ru\/wp-json\/wp\/v2\/media?parent=349315"}],"wp:term":[{"taxonomy":"product_cat","embeddable":true,"href":"https:\/\/ventspils.citro.lv\/ru\/wp-json\/wp\/v2\/product_cat?post=349315"},{"taxonomy":"product_tag","embeddable":true,"href":"https:\/\/ventspils.citro.lv\/ru\/wp-json\/wp\/v2\/product_tag?post=349315"}],"curies":[{"name":"wp","href":"https:\/\/api.w.org\/{rel}","templated":true}]}}