{"id":346262,"date":"2026-05-05T01:03:20","date_gmt":"2026-05-04T22:03:20","guid":{"rendered":"https:\/\/ventspils.citro.lv\/veikals\/renge-cepta-marineta-ar-ceptiem-sipoliem-350g\/"},"modified":"2026-05-05T01:03:30","modified_gmt":"2026-05-04T22:03:30","slug":"renge-cepta-marineta-ar-ceptiem-sipoliem-350g","status":"publish","type":"product","link":"https:\/\/ventspils.citro.lv\/ru\/veikals\/renge-cepta-marineta-ar-ceptiem-sipoliem-350g\/","title":{"rendered":"Re\u0146\u0123e cepta marin\u0113ta ar ceptiem s\u012bpoliem 350g"},"content":{"rendered":"","protected":false},"excerpt":{"rendered":"<p>7.40 \u20ac\/kg<\/p>\n","protected":false},"featured_media":1255945,"template":"","meta":{"_acf_changed":false,"inline_featured_image":false},"product_cat":[545,135],"product_tag":[],"acf":[],"aioseo_notices":[],"_links":{"self":[{"href":"https:\/\/ventspils.citro.lv\/ru\/wp-json\/wp\/v2\/product\/346262"}],"collection":[{"href":"https:\/\/ventspils.citro.lv\/ru\/wp-json\/wp\/v2\/product"}],"about":[{"href":"https:\/\/ventspils.citro.lv\/ru\/wp-json\/wp\/v2\/types\/product"}],"wp:featuredmedia":[{"embeddable":true,"href":"https:\/\/ventspils.citro.lv\/ru\/wp-json\/wp\/v2\/media\/1255945"}],"wp:attachment":[{"href":"https:\/\/ventspils.citro.lv\/ru\/wp-json\/wp\/v2\/media?parent=346262"}],"wp:term":[{"taxonomy":"product_cat","embeddable":true,"href":"https:\/\/ventspils.citro.lv\/ru\/wp-json\/wp\/v2\/product_cat?post=346262"},{"taxonomy":"product_tag","embeddable":true,"href":"https:\/\/ventspils.citro.lv\/ru\/wp-json\/wp\/v2\/product_tag?post=346262"}],"curies":[{"name":"wp","href":"https:\/\/api.w.org\/{rel}","templated":true}]}}