{"id":346260,"date":"2026-05-06T02:39:46","date_gmt":"2026-05-05T23:39:46","guid":{"rendered":"https:\/\/ventspils.citro.lv\/veikals\/silku-fileja-majas-gaume-500g-325g\/"},"modified":"2026-05-06T02:39:50","modified_gmt":"2026-05-05T23:39:50","slug":"silku-fileja-majas-gaume-500g-325g","status":"publish","type":"product","link":"https:\/\/ventspils.citro.lv\/ru\/veikals\/silku-fileja-majas-gaume-500g-325g\/","title":{"rendered":"Si\u013c\u0137u fileja m\u0101jas gaum\u0113 500g\/325g"},"content":{"rendered":"","protected":false},"excerpt":{"rendered":"<p>12.28 \u20ac\/kg<\/p>\n","protected":false},"featured_media":1256310,"template":"","meta":{"_acf_changed":false,"inline_featured_image":false},"product_cat":[545,135],"product_tag":[],"acf":[],"aioseo_notices":[],"_links":{"self":[{"href":"https:\/\/ventspils.citro.lv\/ru\/wp-json\/wp\/v2\/product\/346260"}],"collection":[{"href":"https:\/\/ventspils.citro.lv\/ru\/wp-json\/wp\/v2\/product"}],"about":[{"href":"https:\/\/ventspils.citro.lv\/ru\/wp-json\/wp\/v2\/types\/product"}],"wp:featuredmedia":[{"embeddable":true,"href":"https:\/\/ventspils.citro.lv\/ru\/wp-json\/wp\/v2\/media\/1256310"}],"wp:attachment":[{"href":"https:\/\/ventspils.citro.lv\/ru\/wp-json\/wp\/v2\/media?parent=346260"}],"wp:term":[{"taxonomy":"product_cat","embeddable":true,"href":"https:\/\/ventspils.citro.lv\/ru\/wp-json\/wp\/v2\/product_cat?post=346260"},{"taxonomy":"product_tag","embeddable":true,"href":"https:\/\/ventspils.citro.lv\/ru\/wp-json\/wp\/v2\/product_tag?post=346260"}],"curies":[{"name":"wp","href":"https:\/\/api.w.org\/{rel}","templated":true}]}}