{"id":346258,"date":"2026-05-15T01:57:39","date_gmt":"2026-05-14T22:57:39","guid":{"rendered":"https:\/\/ventspils.citro.lv\/veikals\/rengu-fileja-cepta-tomattu-merce-ar-cept-darz-500g\/"},"modified":"2026-05-15T01:57:44","modified_gmt":"2026-05-14T22:57:44","slug":"rengu-fileja-cepta-tomattu-merce-ar-cept-darz-500g","status":"publish","type":"product","link":"https:\/\/ventspils.citro.lv\/ru\/veikals\/rengu-fileja-cepta-tomattu-merce-ar-cept-darz-500g\/","title":{"rendered":"Re\u0146\u0123u fileja cepta tom\u0101ttu m\u0113rc\u0113 ar cept. d\u0101rz.500g"},"content":{"rendered":"","protected":false},"excerpt":{"rendered":"<p>7.98 \u20ac\/kg<\/p>\n","protected":false},"featured_media":1260991,"template":"","meta":{"_acf_changed":false,"inline_featured_image":false},"product_cat":[545,135],"product_tag":[],"acf":[],"aioseo_notices":[],"_links":{"self":[{"href":"https:\/\/ventspils.citro.lv\/ru\/wp-json\/wp\/v2\/product\/346258"}],"collection":[{"href":"https:\/\/ventspils.citro.lv\/ru\/wp-json\/wp\/v2\/product"}],"about":[{"href":"https:\/\/ventspils.citro.lv\/ru\/wp-json\/wp\/v2\/types\/product"}],"wp:featuredmedia":[{"embeddable":true,"href":"https:\/\/ventspils.citro.lv\/ru\/wp-json\/wp\/v2\/media\/1260991"}],"wp:attachment":[{"href":"https:\/\/ventspils.citro.lv\/ru\/wp-json\/wp\/v2\/media?parent=346258"}],"wp:term":[{"taxonomy":"product_cat","embeddable":true,"href":"https:\/\/ventspils.citro.lv\/ru\/wp-json\/wp\/v2\/product_cat?post=346258"},{"taxonomy":"product_tag","embeddable":true,"href":"https:\/\/ventspils.citro.lv\/ru\/wp-json\/wp\/v2\/product_tag?post=346258"}],"curies":[{"name":"wp","href":"https:\/\/api.w.org\/{rel}","templated":true}]}}