{"id":346257,"date":"2026-04-06T01:21:16","date_gmt":"2026-04-05T22:21:16","guid":{"rendered":"https:\/\/ventspils.citro.lv\/veikals\/silkes-fileja-majas-gaume-gabalini-200g-130g-lucki\/"},"modified":"2026-04-14T23:07:03","modified_gmt":"2026-04-14T20:07:03","slug":"silkes-fileja-majas-gaume-gabalini-200g-130g-lucki","status":"publish","type":"product","link":"https:\/\/ventspils.citro.lv\/ru\/veikals\/silkes-fileja-majas-gaume-gabalini-200g-130g-lucki\/","title":{"rendered":"Si\u013c\u0137es fileja m\u0101jas gaum\u0113 gabali\u0146i 200g\/130g Lucki"},"content":{"rendered":"","protected":false},"excerpt":{"rendered":"<p>18.08 \u20ac\/kg<\/p>\n","protected":false},"featured_media":1239943,"template":"","meta":{"_acf_changed":false,"inline_featured_image":false},"product_cat":[545,135],"product_tag":[],"acf":[],"aioseo_notices":[],"_links":{"self":[{"href":"https:\/\/ventspils.citro.lv\/ru\/wp-json\/wp\/v2\/product\/346257"}],"collection":[{"href":"https:\/\/ventspils.citro.lv\/ru\/wp-json\/wp\/v2\/product"}],"about":[{"href":"https:\/\/ventspils.citro.lv\/ru\/wp-json\/wp\/v2\/types\/product"}],"wp:featuredmedia":[{"embeddable":true,"href":"https:\/\/ventspils.citro.lv\/ru\/wp-json\/wp\/v2\/media\/1239943"}],"wp:attachment":[{"href":"https:\/\/ventspils.citro.lv\/ru\/wp-json\/wp\/v2\/media?parent=346257"}],"wp:term":[{"taxonomy":"product_cat","embeddable":true,"href":"https:\/\/ventspils.citro.lv\/ru\/wp-json\/wp\/v2\/product_cat?post=346257"},{"taxonomy":"product_tag","embeddable":true,"href":"https:\/\/ventspils.citro.lv\/ru\/wp-json\/wp\/v2\/product_tag?post=346257"}],"curies":[{"name":"wp","href":"https:\/\/api.w.org\/{rel}","templated":true}]}}