{"id":346256,"date":"2026-02-24T02:30:41","date_gmt":"2026-02-24T00:30:41","guid":{"rendered":"https:\/\/ventspils.citro.lv\/veikals\/silku-filejas-matje-gabalini-200g-130g-lucki\/"},"modified":"2026-02-24T02:30:46","modified_gmt":"2026-02-24T00:30:46","slug":"silku-filejas-matje-gabalini-200g-130g-lucki","status":"publish","type":"product","link":"https:\/\/ventspils.citro.lv\/ru\/veikals\/silku-filejas-matje-gabalini-200g-130g-lucki\/","title":{"rendered":"Si\u013c\u0137u filejas Matje gabali\u0146i  200g\/130g Lucki"},"content":{"rendered":"","protected":false},"excerpt":{"rendered":"<p>11.95 \u20ac\/kg<\/p>\n","protected":false},"featured_media":1213482,"template":"","meta":{"_acf_changed":false,"inline_featured_image":false},"product_cat":[545,135],"product_tag":[],"acf":[],"aioseo_notices":[],"_links":{"self":[{"href":"https:\/\/ventspils.citro.lv\/ru\/wp-json\/wp\/v2\/product\/346256"}],"collection":[{"href":"https:\/\/ventspils.citro.lv\/ru\/wp-json\/wp\/v2\/product"}],"about":[{"href":"https:\/\/ventspils.citro.lv\/ru\/wp-json\/wp\/v2\/types\/product"}],"wp:featuredmedia":[{"embeddable":true,"href":"https:\/\/ventspils.citro.lv\/ru\/wp-json\/wp\/v2\/media\/1213482"}],"wp:attachment":[{"href":"https:\/\/ventspils.citro.lv\/ru\/wp-json\/wp\/v2\/media?parent=346256"}],"wp:term":[{"taxonomy":"product_cat","embeddable":true,"href":"https:\/\/ventspils.citro.lv\/ru\/wp-json\/wp\/v2\/product_cat?post=346256"},{"taxonomy":"product_tag","embeddable":true,"href":"https:\/\/ventspils.citro.lv\/ru\/wp-json\/wp\/v2\/product_tag?post=346256"}],"curies":[{"name":"wp","href":"https:\/\/api.w.org\/{rel}","templated":true}]}}