{"id":346255,"date":"2026-02-12T04:27:48","date_gmt":"2026-02-12T02:27:48","guid":{"rendered":"https:\/\/ventspils.citro.lv\/veikals\/silku-rolmopsi-b-a-marinade-500g-325g\/"},"modified":"2026-02-12T04:27:59","modified_gmt":"2026-02-12T02:27:59","slug":"silku-rolmopsi-b-a-marinade-500g-325g","status":"publish","type":"product","link":"https:\/\/ventspils.citro.lv\/ru\/veikals\/silku-rolmopsi-b-a-marinade-500g-325g\/","title":{"rendered":"Si\u013c\u0137u rolmop\u0161i b\/\u0101 marin\u0101d\u0113 500g\/325g"},"content":{"rendered":"","protected":false},"excerpt":{"rendered":"<p>11.97 \u20ac\/kg<\/p>\n","protected":false},"featured_media":1207506,"template":"","meta":{"_acf_changed":false,"inline_featured_image":false},"product_cat":[545,135],"product_tag":[],"acf":[],"aioseo_notices":[],"_links":{"self":[{"href":"https:\/\/ventspils.citro.lv\/ru\/wp-json\/wp\/v2\/product\/346255"}],"collection":[{"href":"https:\/\/ventspils.citro.lv\/ru\/wp-json\/wp\/v2\/product"}],"about":[{"href":"https:\/\/ventspils.citro.lv\/ru\/wp-json\/wp\/v2\/types\/product"}],"wp:featuredmedia":[{"embeddable":true,"href":"https:\/\/ventspils.citro.lv\/ru\/wp-json\/wp\/v2\/media\/1207506"}],"wp:attachment":[{"href":"https:\/\/ventspils.citro.lv\/ru\/wp-json\/wp\/v2\/media?parent=346255"}],"wp:term":[{"taxonomy":"product_cat","embeddable":true,"href":"https:\/\/ventspils.citro.lv\/ru\/wp-json\/wp\/v2\/product_cat?post=346255"},{"taxonomy":"product_tag","embeddable":true,"href":"https:\/\/ventspils.citro.lv\/ru\/wp-json\/wp\/v2\/product_tag?post=346255"}],"curies":[{"name":"wp","href":"https:\/\/api.w.org\/{rel}","templated":true}]}}